{"id":504,"date":"2024-03-25T21:01:33","date_gmt":"2024-03-25T19:01:33","guid":{"rendered":"https:\/\/websenwordpress.cat\/?page_id=504"},"modified":"2025-10-25T04:45:08","modified_gmt":"2025-10-25T02:45:08","slug":"que-necesitas","status":"publish","type":"page","link":"https:\/\/websenwordpress.cat\/es\/que-necesitas\/","title":{"rendered":"\u00bfQu\u00e9 necesitas?"},"content":{"rendered":"\t\t<div data-elementor-type=\"wp-page\" data-elementor-id=\"504\" class=\"elementor elementor-504 elementor-315\" data-elementor-post-type=\"page\">\n\t\t\t\t\t\t<section class=\"elementor-section elementor-top-section elementor-element elementor-element-ac741d0 elementor-section-full_width elementor-section-height-default elementor-section-height-default\" data-id=\"ac741d0\" data-element_type=\"section\" data-e-type=\"section\">\n\t\t\t\t\t\t<div class=\"elementor-container elementor-column-gap-default\">\n\t\t\t\t\t<div class=\"elementor-column elementor-col-50 elementor-top-column elementor-element elementor-element-4d40e07 elementor-invisible\" data-id=\"4d40e07\" data-element_type=\"column\" data-e-type=\"column\" data-settings=\"{&quot;animation&quot;:&quot;fadeInLeft&quot;}\">\n\t\t\t<div class=\"elementor-widget-wrap elementor-element-populated\">\n\t\t\t\t\t\t<div class=\"elementor-element elementor-element-298d939 elementor-widget elementor-widget-image\" data-id=\"298d939\" data-element_type=\"widget\" data-e-type=\"widget\" data-widget_type=\"image.default\">\n\t\t\t\t<div class=\"elementor-widget-container\">\n\t\t\t\t\t\t\t\t\t\t\t\t\t\t\t<img fetchpriority=\"high\" decoding=\"async\" width=\"890\" height=\"800\" src=\"https:\/\/websenwordpress.cat\/wp-content\/uploads\/2024\/03\/Email.png\" class=\"attachment-full size-full wp-image-477\" alt=\"\" srcset=\"https:\/\/websenwordpress.cat\/wp-content\/uploads\/2024\/03\/Email.png 890w, https:\/\/websenwordpress.cat\/wp-content\/uploads\/2024\/03\/Email-300x270.png 300w, https:\/\/websenwordpress.cat\/wp-content\/uploads\/2024\/03\/Email-768x690.png 768w\" sizes=\"(max-width: 890px) 100vw, 890px\" \/>\t\t\t\t\t\t\t\t\t\t\t\t\t\t\t<\/div>\n\t\t\t\t<\/div>\n\t\t\t\t\t<\/div>\n\t\t<\/div>\n\t\t\t\t<div class=\"elementor-column elementor-col-50 elementor-top-column elementor-element elementor-element-f9d42b3\" data-id=\"f9d42b3\" data-element_type=\"column\" data-e-type=\"column\">\n\t\t\t<div class=\"elementor-widget-wrap elementor-element-populated\">\n\t\t\t\t\t\t<div class=\"elementor-element elementor-element-699e8f7 elementor-invisible elementor-widget elementor-widget-heading\" data-id=\"699e8f7\" data-element_type=\"widget\" data-e-type=\"widget\" data-settings=\"{&quot;_animation&quot;:&quot;fadeInUp&quot;,&quot;_animation_delay&quot;:500}\" data-widget_type=\"heading.default\">\n\t\t\t\t<div class=\"elementor-widget-container\">\n\t\t\t\t\t<h2 class=\"elementor-heading-title elementor-size-default\">\u00bfQu\u00e9 necesitas?<\/h2>\t\t\t\t<\/div>\n\t\t\t\t<\/div>\n\t\t\t\t<div class=\"elementor-element elementor-element-6f19dd4 elementor-button-align-start elementor-mobile-button-align-center elementor-widget elementor-widget-form\" data-id=\"6f19dd4\" data-element_type=\"widget\" data-e-type=\"widget\" data-settings=\"{&quot;step_next_label&quot;:&quot;Siguiente&quot;,&quot;step_previous_label&quot;:&quot;Anterior&quot;,&quot;button_width&quot;:&quot;100&quot;,&quot;step_type&quot;:&quot;number_text&quot;,&quot;step_icon_shape&quot;:&quot;circle&quot;}\" data-widget_type=\"form.default\">\n\t\t\t\t<div class=\"elementor-widget-container\">\n\t\t\t\t\t\t\t<form class=\"elementor-form\" method=\"post\" name=\"Nuevo formulario\" aria-label=\"Nuevo formulario\">\n\t\t\t<input type=\"hidden\" name=\"post_id\" value=\"504\"\/>\n\t\t\t<input type=\"hidden\" name=\"form_id\" value=\"6f19dd4\"\/>\n\t\t\t<input type=\"hidden\" name=\"referer_title\" value=\"\u00bfQu\u00e9 necesitas? - Webs en WordPress\" \/>\n\n\t\t\t\t\t\t\t<input type=\"hidden\" name=\"queried_id\" value=\"504\"\/>\n\t\t\t\n\t\t\t<div class=\"elementor-form-fields-wrapper elementor-labels-\">\n\t\t\t\t\t\t\t\t<div class=\"elementor-field-type-text elementor-field-group elementor-column elementor-field-group-nombre elementor-col-100 elementor-field-required\">\n\t\t\t\t\t\t\t\t\t\t\t\t<label for=\"form-field-nombre\" class=\"elementor-field-label elementor-screen-only\">\n\t\t\t\t\t\t\t\tTu nombre\t\t\t\t\t\t\t<\/label>\n\t\t\t\t\t\t\t\t\t\t\t\t\t\t<input size=\"1\" type=\"text\" name=\"form_fields[nombre]\" id=\"form-field-nombre\" class=\"elementor-field elementor-size-sm  elementor-field-textual\" placeholder=\"Tu nombre\" required=\"required\">\n\t\t\t\t\t\t\t\t\t\t\t<\/div>\n\t\t\t\t\t\t\t\t<div class=\"elementor-field-type-email elementor-field-group elementor-column elementor-field-group-field_cb7b622 elementor-col-100 elementor-field-required\">\n\t\t\t\t\t\t\t\t\t\t\t\t<label for=\"form-field-field_cb7b622\" class=\"elementor-field-label elementor-screen-only\">\n\t\t\t\t\t\t\t\tEmail\t\t\t\t\t\t\t<\/label>\n\t\t\t\t\t\t\t\t\t\t\t\t\t\t<input size=\"1\" type=\"email\" name=\"form_fields[field_cb7b622]\" id=\"form-field-field_cb7b622\" class=\"elementor-field elementor-size-sm  elementor-field-textual\" placeholder=\"Tu e-mail\" required=\"required\">\n\t\t\t\t\t\t\t\t\t\t\t<\/div>\n\t\t\t\t\t\t\t\t<div class=\"elementor-field-type-text elementor-field-group elementor-column elementor-field-group-field_d4e1e9b elementor-col-100 elementor-field-required\">\n\t\t\t\t\t\t\t\t\t\t\t\t<label for=\"form-field-field_d4e1e9b\" class=\"elementor-field-label elementor-screen-only\">\n\t\t\t\t\t\t\t\tAsunto\t\t\t\t\t\t\t<\/label>\n\t\t\t\t\t\t\t\t\t\t\t\t\t\t<input size=\"1\" type=\"text\" name=\"form_fields[field_d4e1e9b]\" id=\"form-field-field_d4e1e9b\" class=\"elementor-field elementor-size-sm  elementor-field-textual\" placeholder=\"Asunto\" required=\"required\">\n\t\t\t\t\t\t\t\t\t\t\t<\/div>\n\t\t\t\t\t\t\t\t<div class=\"elementor-field-type-textarea elementor-field-group elementor-column elementor-field-group-field_7aa19e4 elementor-col-100 elementor-field-required\">\n\t\t\t\t\t\t\t\t\t\t\t\t<label for=\"form-field-field_7aa19e4\" class=\"elementor-field-label elementor-screen-only\">\n\t\t\t\t\t\t\t\tTu mensaje\t\t\t\t\t\t\t<\/label>\n\t\t\t\t\t\t<textarea class=\"elementor-field-textual elementor-field  elementor-size-sm\" name=\"form_fields[field_7aa19e4]\" id=\"form-field-field_7aa19e4\" rows=\"4\" placeholder=\"Tu mensaje\" required=\"required\"><\/textarea>\t\t\t\t<\/div>\n\t\t\t\t\t\t\t\t<div class=\"elementor-field-type-acceptance elementor-field-group elementor-column elementor-field-group-field_70076d7 elementor-col-100 elementor-field-required\">\n\t\t\t\t\t\t\t<div class=\"elementor-field-subgroup\">\n\t\t\t<span class=\"elementor-field-option\">\n\t\t\t\t<input type=\"checkbox\" name=\"form_fields[field_70076d7]\" id=\"form-field-field_70076d7\" class=\"elementor-field elementor-size-sm  elementor-acceptance-field\" required=\"required\">\n\t\t\t\t<label for=\"form-field-field_70076d7\">He le\u00eddo el Aviso Legal y acepto la <a href=\"https:\/\/websenwordpress.cat\/es\/politica-de-privacidad\/\" target=\"_blank\">Pol\u00edtica de privacidad<\/a> *<\/label>\t\t\t<\/span>\n\t\t<\/div>\n\t\t\t\t\t\t<\/div>\n\t\t\t\t\t\t\t\t<div class=\"elementor-field-type-recaptcha_v3 elementor-field-group elementor-column elementor-field-group-field_d7cb2cc elementor-col-100 recaptcha_v3-inline\">\n\t\t\t\t\t<div class=\"elementor-field\" id=\"form-field-field_d7cb2cc\"><div class=\"elementor-g-recaptcha\" data-sitekey=\"6LdvMrsfAAAAAA4soATGhtV-IWNi4ywwTVfEJzGS\" data-type=\"v3\" data-action=\"Form\" data-badge=\"inline\" data-size=\"invisible\"><\/div><\/div>\t\t\t\t<\/div>\n\t\t\t\t\t\t\t\t<div class=\"elementor-field-group elementor-column elementor-field-type-submit elementor-col-100 e-form__buttons\">\n\t\t\t\t\t<button class=\"elementor-button elementor-size-sm\" type=\"submit\">\n\t\t\t\t\t\t<span class=\"elementor-button-content-wrapper\">\n\t\t\t\t\t\t\t\t\t\t\t\t\t\t\t\t\t\t\t\t\t\t<span class=\"elementor-button-text\">Enviar<\/span>\n\t\t\t\t\t\t\t\t\t\t\t\t\t<\/span>\n\t\t\t\t\t<\/button>\n\t\t\t\t<\/div>\n\t\t\t<\/div>\n\t\t<\/form>\n\t\t\t\t\t\t<\/div>\n\t\t\t\t<\/div>\n\t\t\t\t<div class=\"elementor-element elementor-element-bbf438c elementor-widget elementor-widget-heading\" data-id=\"bbf438c\" data-element_type=\"widget\" data-e-type=\"widget\" data-widget_type=\"heading.default\">\n\t\t\t\t<div class=\"elementor-widget-container\">\n\t\t\t\t\t<h2 class=\"elementor-heading-title elementor-size-default\">Tel\u00e9fono<\/h2>\t\t\t\t<\/div>\n\t\t\t\t<\/div>\n\t\t\t\t<div class=\"elementor-element elementor-element-d56c5c3 elementor-widget elementor-widget-text-editor\" data-id=\"d56c5c3\" data-element_type=\"widget\" data-e-type=\"widget\" data-widget_type=\"text-editor.default\">\n\t\t\t\t<div class=\"elementor-widget-container\">\n\t\t\t\t\t\t\t\t\t<p>93 299 82 46<\/p>\t\t\t\t\t\t\t\t<\/div>\n\t\t\t\t<\/div>\n\t\t\t\t<div class=\"elementor-element elementor-element-21959c5 elementor-widget elementor-widget-heading\" data-id=\"21959c5\" data-element_type=\"widget\" data-e-type=\"widget\" data-widget_type=\"heading.default\">\n\t\t\t\t<div class=\"elementor-widget-container\">\n\t\t\t\t\t<h2 class=\"elementor-heading-title elementor-size-default\">Email<\/h2>\t\t\t\t<\/div>\n\t\t\t\t<\/div>\n\t\t\t\t<div class=\"elementor-element elementor-element-dc75d31 elementor-widget elementor-widget-text-editor\" data-id=\"dc75d31\" data-element_type=\"widget\" data-e-type=\"widget\" data-widget_type=\"text-editor.default\">\n\t\t\t\t<div class=\"elementor-widget-container\">\n\t\t\t\t\t\t\t\t\t<p>info@websenwordpress.cat<\/p>\t\t\t\t\t\t\t\t<\/div>\n\t\t\t\t<\/div>\n\t\t\t\t<div class=\"elementor-element elementor-element-625a307 elementor-invisible elementor-widget elementor-widget-heading\" data-id=\"625a307\" data-element_type=\"widget\" data-e-type=\"widget\" data-settings=\"{&quot;_animation&quot;:&quot;fadeInUp&quot;,&quot;_animation_delay&quot;:500}\" data-widget_type=\"heading.default\">\n\t\t\t\t<div class=\"elementor-widget-container\">\n\t\t\t\t\t<h2 class=\"elementor-heading-title elementor-size-default\">Nos gustar\u00eda ayudarte\u2026<\/h2>\t\t\t\t<\/div>\n\t\t\t\t<\/div>\n\t\t\t\t<div class=\"elementor-element elementor-element-439936a elementor-align-left elementor-widget__width-initial elementor-mobile-align-center elementor-widget elementor-widget-button\" data-id=\"439936a\" data-element_type=\"widget\" data-e-type=\"widget\" data-widget_type=\"button.default\">\n\t\t\t\t<div class=\"elementor-widget-container\">\n\t\t\t\t\t\t\t\t\t<div class=\"elementor-button-wrapper\">\n\t\t\t\t\t<a class=\"elementor-button elementor-button-link elementor-size-sm\" href=\"https:\/\/websenwordpress.cat\/es\/formulario-de-telereunion-o-llamada\/\">\n\t\t\t\t\t\t<span class=\"elementor-button-content-wrapper\">\n\t\t\t\t\t\t\t\t\t<span class=\"elementor-button-text\">Hagamos una telereuni\u00f3n<\/span>\n\t\t\t\t\t<\/span>\n\t\t\t\t\t<\/a>\n\t\t\t\t<\/div>\n\t\t\t\t\t\t\t\t<\/div>\n\t\t\t\t<\/div>\n\t\t\t\t\t<\/div>\n\t\t<\/div>\n\t\t\t\t\t<\/div>\n\t\t<\/section>\n\t\t\t\t<\/div>\n\t\t","protected":false},"excerpt":{"rendered":"<p>\u00bfQu\u00e9 necesitas? Tel\u00e9fono 93 299 82 46 Email info@websenwordpress.cat Nos gustar\u00eda ayudarte\u2026 Hagamos una telereuni\u00f3n<\/p>\n","protected":false},"author":1,"featured_media":0,"parent":0,"menu_order":0,"comment_status":"closed","ping_status":"closed","template":"elementor_header_footer","meta":{"_acf_changed":false,"site-sidebar-layout":"no-sidebar","site-content-layout":"","ast-site-content-layout":"full-width-container","site-content-style":"default","site-sidebar-style":"default","ast-global-header-display":"","ast-banner-title-visibility":"","ast-main-header-display":"","ast-hfb-above-header-display":"","ast-hfb-below-header-display":"","ast-hfb-mobile-header-display":"","site-post-title":"disabled","ast-breadcrumbs-content":"","ast-featured-img":"disabled","footer-sml-layout":"","theme-transparent-header-meta":"default","adv-header-id-meta":"","stick-header-meta":"","header-above-stick-meta":"","header-main-stick-meta":"","header-below-stick-meta":"","astra-migrate-meta-layouts":"set","ast-page-background-enabled":"default","ast-page-background-meta":{"desktop":{"background-color":"var(--ast-global-color-4)","background-image":"","background-repeat":"repeat","background-position":"center center","background-size":"auto","background-attachment":"scroll","background-type":"","background-media":"","overlay-type":"","overlay-color":"","overlay-opacity":"","overlay-gradient":""},"tablet":{"background-color":"","background-image":"","background-repeat":"repeat","background-position":"center center","background-size":"auto","background-attachment":"scroll","background-type":"","background-media":"","overlay-type":"","overlay-color":"","overlay-opacity":"","overlay-gradient":""},"mobile":{"background-color":"","background-image":"","background-repeat":"repeat","background-position":"center center","background-size":"auto","background-attachment":"scroll","background-type":"","background-media":"","overlay-type":"","overlay-color":"","overlay-opacity":"","overlay-gradient":""}},"ast-content-background-meta":{"desktop":{"background-color":"var(--ast-global-color-5)","background-image":"","background-repeat":"repeat","background-position":"center center","background-size":"auto","background-attachment":"scroll","background-type":"","background-media":"","overlay-type":"","overlay-color":"","overlay-opacity":"","overlay-gradient":""},"tablet":{"background-color":"var(--ast-global-color-5)","background-image":"","background-repeat":"repeat","background-position":"center center","background-size":"auto","background-attachment":"scroll","background-type":"","background-media":"","overlay-type":"","overlay-color":"","overlay-opacity":"","overlay-gradient":""},"mobile":{"background-color":"var(--ast-global-color-5)","background-image":"","background-repeat":"repeat","background-position":"center center","background-size":"auto","background-attachment":"scroll","background-type":"","background-media":"","overlay-type":"","overlay-color":"","overlay-opacity":"","overlay-gradient":""}},"footnotes":""},"class_list":["post-504","page","type-page","status-publish","hentry"],"acf":[],"yoast_head":"<!-- This site is optimized with the Yoast SEO plugin v27.2 - https:\/\/yoast.com\/product\/yoast-seo-wordpress\/ -->\n<title>\u00bfQu\u00e9 necesitas? - Webs en WordPress<\/title>\n<meta name=\"robots\" content=\"index, follow, max-snippet:-1, max-image-preview:large, max-video-preview:-1\" \/>\n<link rel=\"canonical\" href=\"https:\/\/websenwordpress.cat\/es\/que-necesitas\/\" \/>\n<meta property=\"og:locale\" content=\"es_ES\" \/>\n<meta property=\"og:type\" content=\"article\" \/>\n<meta property=\"og:title\" content=\"\u00bfQu\u00e9 necesitas? - Webs en WordPress\" \/>\n<meta property=\"og:description\" content=\"\u00bfQu\u00e9 necesitas? Tel\u00e9fono 93 299 82 46 Email info@websenwordpress.cat Nos gustar\u00eda ayudarte\u2026 Hagamos una telereuni\u00f3n\" \/>\n<meta property=\"og:url\" content=\"https:\/\/websenwordpress.cat\/es\/que-necesitas\/\" \/>\n<meta property=\"og:site_name\" content=\"Webs en WordPress\" \/>\n<meta property=\"article:modified_time\" content=\"2025-10-25T02:45:08+00:00\" \/>\n<meta property=\"og:image\" content=\"https:\/\/websenwordpress.cat\/wp-content\/uploads\/2024\/03\/Email.png\" \/>\n\t<meta property=\"og:image:width\" content=\"890\" \/>\n\t<meta property=\"og:image:height\" content=\"800\" \/>\n\t<meta property=\"og:image:type\" content=\"image\/png\" \/>\n<meta name=\"twitter:card\" content=\"summary_large_image\" \/>\n<meta name=\"twitter:site\" content=\"@websenwordpress\" \/>\n<meta name=\"twitter:label1\" content=\"Tiempo de lectura\" \/>\n\t<meta name=\"twitter:data1\" content=\"1 minuto\" \/>\n<script type=\"application\/ld+json\" class=\"yoast-schema-graph\">{\"@context\":\"https:\/\/schema.org\",\"@graph\":[{\"@type\":\"WebPage\",\"@id\":\"https:\/\/websenwordpress.cat\/es\/que-necesitas\/\",\"url\":\"https:\/\/websenwordpress.cat\/es\/que-necesitas\/\",\"name\":\"\u00bfQu\u00e9 necesitas? - Webs en WordPress\",\"isPartOf\":{\"@id\":\"https:\/\/websenwordpress.cat\/#website\"},\"primaryImageOfPage\":{\"@id\":\"https:\/\/websenwordpress.cat\/es\/que-necesitas\/#primaryimage\"},\"image\":{\"@id\":\"https:\/\/websenwordpress.cat\/es\/que-necesitas\/#primaryimage\"},\"thumbnailUrl\":\"https:\/\/websenwordpress.cat\/wp-content\/uploads\/2024\/03\/Email.png\",\"datePublished\":\"2024-03-25T19:01:33+00:00\",\"dateModified\":\"2025-10-25T02:45:08+00:00\",\"breadcrumb\":{\"@id\":\"https:\/\/websenwordpress.cat\/es\/que-necesitas\/#breadcrumb\"},\"inLanguage\":\"es\",\"potentialAction\":[{\"@type\":\"ReadAction\",\"target\":[\"https:\/\/websenwordpress.cat\/es\/que-necesitas\/\"]}]},{\"@type\":\"ImageObject\",\"inLanguage\":\"es\",\"@id\":\"https:\/\/websenwordpress.cat\/es\/que-necesitas\/#primaryimage\",\"url\":\"https:\/\/websenwordpress.cat\/wp-content\/uploads\/2024\/03\/Email.png\",\"contentUrl\":\"https:\/\/websenwordpress.cat\/wp-content\/uploads\/2024\/03\/Email.png\"},{\"@type\":\"BreadcrumbList\",\"@id\":\"https:\/\/websenwordpress.cat\/es\/que-necesitas\/#breadcrumb\",\"itemListElement\":[{\"@type\":\"ListItem\",\"position\":1,\"name\":\"Inici\",\"item\":\"https:\/\/websenwordpress.cat\/\"},{\"@type\":\"ListItem\",\"position\":2,\"name\":\"\u00bfQu\u00e9 necesitas?\"}]},{\"@type\":\"WebSite\",\"@id\":\"https:\/\/websenwordpress.cat\/#website\",\"url\":\"https:\/\/websenwordpress.cat\/\",\"name\":\"webs en wordpres\",\"description\":\"\",\"publisher\":{\"@id\":\"https:\/\/websenwordpress.cat\/#organization\"},\"potentialAction\":[{\"@type\":\"SearchAction\",\"target\":{\"@type\":\"EntryPoint\",\"urlTemplate\":\"https:\/\/websenwordpress.cat\/?s={search_term_string}\"},\"query-input\":{\"@type\":\"PropertyValueSpecification\",\"valueRequired\":true,\"valueName\":\"search_term_string\"}}],\"inLanguage\":\"es\"},{\"@type\":\"Organization\",\"@id\":\"https:\/\/websenwordpress.cat\/#organization\",\"name\":\"webs en wordpress\",\"url\":\"https:\/\/websenwordpress.cat\/\",\"logo\":{\"@type\":\"ImageObject\",\"inLanguage\":\"es\",\"@id\":\"https:\/\/websenwordpress.cat\/#\/schema\/logo\/image\/\",\"url\":\"https:\/\/websenwordpress.cat\/wp-content\/uploads\/2024\/03\/LOGO-WWP-2024-color-real.png\",\"contentUrl\":\"https:\/\/websenwordpress.cat\/wp-content\/uploads\/2024\/03\/LOGO-WWP-2024-color-real.png\",\"width\":629,\"height\":208,\"caption\":\"webs en wordpress\"},\"image\":{\"@id\":\"https:\/\/websenwordpress.cat\/#\/schema\/logo\/image\/\"},\"sameAs\":[\"https:\/\/x.com\/websenwordpress\",\"https:\/\/www.instagram.com\/websenwordpress\/\"]}]}<\/script>\n<!-- \/ Yoast SEO plugin. -->","yoast_head_json":{"title":"\u00bfQu\u00e9 necesitas? - Webs en WordPress","robots":{"index":"index","follow":"follow","max-snippet":"max-snippet:-1","max-image-preview":"max-image-preview:large","max-video-preview":"max-video-preview:-1"},"canonical":"https:\/\/websenwordpress.cat\/es\/que-necesitas\/","og_locale":"es_ES","og_type":"article","og_title":"\u00bfQu\u00e9 necesitas? - Webs en WordPress","og_description":"\u00bfQu\u00e9 necesitas? Tel\u00e9fono 93 299 82 46 Email info@websenwordpress.cat Nos gustar\u00eda ayudarte\u2026 Hagamos una telereuni\u00f3n","og_url":"https:\/\/websenwordpress.cat\/es\/que-necesitas\/","og_site_name":"Webs en WordPress","article_modified_time":"2025-10-25T02:45:08+00:00","og_image":[{"width":890,"height":800,"url":"https:\/\/websenwordpress.cat\/wp-content\/uploads\/2024\/03\/Email.png","type":"image\/png"}],"twitter_card":"summary_large_image","twitter_site":"@websenwordpress","twitter_misc":{"Tiempo de lectura":"1 minuto"},"schema":{"@context":"https:\/\/schema.org","@graph":[{"@type":"WebPage","@id":"https:\/\/websenwordpress.cat\/es\/que-necesitas\/","url":"https:\/\/websenwordpress.cat\/es\/que-necesitas\/","name":"\u00bfQu\u00e9 necesitas? - Webs en WordPress","isPartOf":{"@id":"https:\/\/websenwordpress.cat\/#website"},"primaryImageOfPage":{"@id":"https:\/\/websenwordpress.cat\/es\/que-necesitas\/#primaryimage"},"image":{"@id":"https:\/\/websenwordpress.cat\/es\/que-necesitas\/#primaryimage"},"thumbnailUrl":"https:\/\/websenwordpress.cat\/wp-content\/uploads\/2024\/03\/Email.png","datePublished":"2024-03-25T19:01:33+00:00","dateModified":"2025-10-25T02:45:08+00:00","breadcrumb":{"@id":"https:\/\/websenwordpress.cat\/es\/que-necesitas\/#breadcrumb"},"inLanguage":"es","potentialAction":[{"@type":"ReadAction","target":["https:\/\/websenwordpress.cat\/es\/que-necesitas\/"]}]},{"@type":"ImageObject","inLanguage":"es","@id":"https:\/\/websenwordpress.cat\/es\/que-necesitas\/#primaryimage","url":"https:\/\/websenwordpress.cat\/wp-content\/uploads\/2024\/03\/Email.png","contentUrl":"https:\/\/websenwordpress.cat\/wp-content\/uploads\/2024\/03\/Email.png"},{"@type":"BreadcrumbList","@id":"https:\/\/websenwordpress.cat\/es\/que-necesitas\/#breadcrumb","itemListElement":[{"@type":"ListItem","position":1,"name":"Inici","item":"https:\/\/websenwordpress.cat\/"},{"@type":"ListItem","position":2,"name":"\u00bfQu\u00e9 necesitas?"}]},{"@type":"WebSite","@id":"https:\/\/websenwordpress.cat\/#website","url":"https:\/\/websenwordpress.cat\/","name":"webs en wordpres","description":"","publisher":{"@id":"https:\/\/websenwordpress.cat\/#organization"},"potentialAction":[{"@type":"SearchAction","target":{"@type":"EntryPoint","urlTemplate":"https:\/\/websenwordpress.cat\/?s={search_term_string}"},"query-input":{"@type":"PropertyValueSpecification","valueRequired":true,"valueName":"search_term_string"}}],"inLanguage":"es"},{"@type":"Organization","@id":"https:\/\/websenwordpress.cat\/#organization","name":"webs en wordpress","url":"https:\/\/websenwordpress.cat\/","logo":{"@type":"ImageObject","inLanguage":"es","@id":"https:\/\/websenwordpress.cat\/#\/schema\/logo\/image\/","url":"https:\/\/websenwordpress.cat\/wp-content\/uploads\/2024\/03\/LOGO-WWP-2024-color-real.png","contentUrl":"https:\/\/websenwordpress.cat\/wp-content\/uploads\/2024\/03\/LOGO-WWP-2024-color-real.png","width":629,"height":208,"caption":"webs en wordpress"},"image":{"@id":"https:\/\/websenwordpress.cat\/#\/schema\/logo\/image\/"},"sameAs":["https:\/\/x.com\/websenwordpress","https:\/\/www.instagram.com\/websenwordpress\/"]}]}},"_links":{"self":[{"href":"https:\/\/websenwordpress.cat\/es\/wp-json\/wp\/v2\/pages\/504","targetHints":{"allow":["GET"]}}],"collection":[{"href":"https:\/\/websenwordpress.cat\/es\/wp-json\/wp\/v2\/pages"}],"about":[{"href":"https:\/\/websenwordpress.cat\/es\/wp-json\/wp\/v2\/types\/page"}],"author":[{"embeddable":true,"href":"https:\/\/websenwordpress.cat\/es\/wp-json\/wp\/v2\/users\/1"}],"replies":[{"embeddable":true,"href":"https:\/\/websenwordpress.cat\/es\/wp-json\/wp\/v2\/comments?post=504"}],"version-history":[{"count":49,"href":"https:\/\/websenwordpress.cat\/es\/wp-json\/wp\/v2\/pages\/504\/revisions"}],"predecessor-version":[{"id":1717,"href":"https:\/\/websenwordpress.cat\/es\/wp-json\/wp\/v2\/pages\/504\/revisions\/1717"}],"wp:attachment":[{"href":"https:\/\/websenwordpress.cat\/es\/wp-json\/wp\/v2\/media?parent=504"}],"curies":[{"name":"wp","href":"https:\/\/api.w.org\/{rel}","templated":true}]}}