{"id":522,"date":"2024-03-26T16:35:46","date_gmt":"2024-03-26T16:35:46","guid":{"rendered":"https:\/\/websenwordpress.cat\/?page_id=522"},"modified":"2025-05-27T23:30:20","modified_gmt":"2025-05-27T23:30:20","slug":"politica-de-cookies","status":"publish","type":"page","link":"https:\/\/websenwordpress.cat\/es\/politica-de-cookies\/","title":{"rendered":"Pol\u00edtica de cookies"},"content":{"rendered":"\t\t<div data-elementor-type=\"wp-page\" data-elementor-id=\"522\" class=\"elementor elementor-522 elementor-414\" data-elementor-post-type=\"page\">\n\t\t\t\t\t\t<section class=\"elementor-section elementor-top-section elementor-element elementor-element-44199af elementor-section-boxed elementor-section-height-default elementor-section-height-default\" data-id=\"44199af\" data-element_type=\"section\" data-e-type=\"section\">\n\t\t\t\t\t\t<div class=\"elementor-container elementor-column-gap-default\">\n\t\t\t\t\t<div class=\"elementor-column elementor-col-100 elementor-top-column elementor-element elementor-element-7ace0c0\" data-id=\"7ace0c0\" data-element_type=\"column\" data-e-type=\"column\">\n\t\t\t<div class=\"elementor-widget-wrap elementor-element-populated\">\n\t\t\t\t\t\t<div class=\"elementor-element elementor-element-b2c6f11 elementor-widget elementor-widget-heading\" data-id=\"b2c6f11\" data-element_type=\"widget\" data-e-type=\"widget\" data-widget_type=\"heading.default\">\n\t\t\t\t<div class=\"elementor-widget-container\">\n\t\t\t\t\t<h2 class=\"elementor-heading-title elementor-size-default\">Pol\u00edtica de cookies\n<\/h2>\t\t\t\t<\/div>\n\t\t\t\t<\/div>\n\t\t\t\t<div class=\"elementor-element elementor-element-bb3a84e elementor-widget elementor-widget-text-editor\" data-id=\"bb3a84e\" data-element_type=\"widget\" data-e-type=\"widget\" data-widget_type=\"text-editor.default\">\n\t\t\t\t<div class=\"elementor-widget-container\">\n\t\t\t\t\t\t\t\t\t<p>En la web&nbsp;https:\/\/www.websenwordpress.cat\/&nbsp;(en adelante, el sitio web) utilizamos cookies para facilitar la relaci\u00f3n de los visitantes con nuestro contenido y para permitir elaborar estad\u00edsticas sobre las visitantes que recibimos.<\/p>\n<p>Le informamos que podemos utilizar cookies con el fin de facilitar su navegaci\u00f3n a trav\u00e9s del Sitio Web, distinguirlo de otros usuarios, proporcionarle una mejor experiencia en el uso de la misma, e identificar problemas para mejorar nuestro sitio web. Asimismo, en caso de que preste su consentimiento, utilizaremos cookies que nos permitan obtener m\u00e1s informaci\u00f3n sobre sus preferencias y personalizar nuestro sitio web de conformidad con sus intereses individuales.<\/p>\n<p>\u00bfQu\u00e9 son las cookies?<\/p>\n<p>Se denominan cookies a unos peque\u00f1os archivos que se graban en el navegador utilizado por cada visitante de nuestra web para que el servidor pueda recordar la visita de este usuario con posterioridad cuando vuelva a acceder a nuestros contenidos. Esta informaci\u00f3n no revela su identidad, ni dato personal, ni accede a su contenido almacenado en su PC, pero s\u00ed permite a nuestro sistema identificar a usted como un usuario determinado que ya visit\u00f3 la web con anterioridad, visualiz\u00f3 determinadas p\u00e1ginas , etc. Adem\u00e1s permite guardar sus preferencias personales e informaci\u00f3n t\u00e9cnica como las visitas realizadas o p\u00e1ginas concretas que visite.<\/p>\n<p>En cumplimiento de la Directiva 2009\/136\/CE, desarrollada en nuestro ordenamiento por el apartado segundo del art\u00edculo 22 de la Ley de Servicios de Sociedad de la Informaci\u00f3n, siguiendo las directrices de la Agencia Espa\u00f1ola de Protecci\u00f3n de Datos, procedemos a informarle detalladamente del uso que se realiza en nuestra web.<\/p>\n<p>La presente pol\u00edtica de cookies tiene por finalidad informar de forma clara y precisa sobre las cookies que se utilizan en nuestro sitio web (la \u201cPol\u00edtica de Cookies\u201d). Respecto a las cookies de terceros, es decir aquellas que son ajenas a nuestro sitio web, no podemos hacernos responsables del contenido y veracidad de las pol\u00edticas de privacidad que ellos incluyen de modo que la informaci\u00f3n que le ofrecemos es siempre con referencia en la fuente.<\/p>\n<p>A continuaci\u00f3n, se realiza una clasificaci\u00f3n de cookies en funci\u00f3n de una serie de categor\u00edas. Sin embargo, hay que tener en cuenta que una misma cooki puede estar incluida en m\u00e1s de una categor\u00eda.<\/p>\n<p>Tipo de cookies seg\u00fan la entidad que las gestiona<\/p>\n<p>Cookies propias: Son aquellas que se env\u00edan al equipo terminal del usuario desde un equipo o dominio gestionado por el propio editor y desde el que se presta el servicio solicitado por el usuario.<br>Cookies de terceros: Son aquellas que se env\u00edan al equipo terminal del usuario desde un equipo o dominio que no es gestionado por el editor, sino por otra entidad que trata los datos<\/p>\n<p>Tipo de cookies seg\u00fan el plazo de tiempo que permanecen activas<\/p>\n<p>Cookies de sesi\u00f3n: Son un tipo de cookies dise\u00f1adas para pedir y almacenar datos mientras el usuario accede a una p\u00e1gina web.<br>Cookies persistentes:&nbsp;Son un tipo de cookies en el que los datos siguen almacenados en el terminal y pueden ser accedidos y tratados durante un per\u00edodo definido por el responsable de la cookie, y que puede ir de unos minutos a varios a\u00f1os.<\/p>\n<p>Tipo de cookies seg\u00fan su finalidad<\/p>\n<p>Cookies t\u00e9cnicas:&nbsp;Aquellas que permiten al usuario la navegaci\u00f3n a trav\u00e9s de una p\u00e1gina web, plataforma o aplicaci\u00f3n y la utilizaci\u00f3n de las diferentes opciones o servicios que en ella haya como, por ejemplo, controlar el tr\u00e1fico y la comunicaci\u00f3n de datos , identificar la sesi\u00f3n , acceder a partes de acceso restringido, recordar los elementos que integran un pedido, realizar el proceso de compra de un pedido, realizar la solicitud de inscripci\u00f3n o participaci\u00f3n en un evento, utilizar elementos de seguridad durante la navegaci\u00f3n, almacenar contenidos para la difusi\u00f3n de v\u00eddeos o sonido o compartir contenidos a trav\u00e9s de redes sociales.<br>Cookies de personalizaci\u00f3n: Son aquellas que permiten al usuario acceder al servicio con algunas caracter\u00edsticas de car\u00e1cter general predefinidas en funci\u00f3n de una serie de criterios en el terminal del usuario como ser\u00edan el idioma, el tipo de navegador en a trav\u00e9s del cual accede al servicio, la configuraci\u00f3n regional desde donde se accede al servicio, etc.<br>Cookies publicitarias:&nbsp;Son aquellas que permiten la gesti\u00f3n, de la forma m\u00e1s eficaz posible, de los espacios publicitarios que, en su caso, el editor haya incluido en una p\u00e1gina web, aplicaci\u00f3n o plataforma desde la que presta el servicio solicitado en base a criterios como el contenido editado o la frecuencia en la que se muestran los anuncios.<br>Cookies de publicidad comportamental: Son aquellas que permiten la gesti\u00f3n, de la forma m\u00e1s eficaz posible, de los espacios publicitarios que, en su caso, el editor haya incluido en una p\u00e1gina web, aplicaci\u00f3n o plataforma desde la que presta el servicio solicitado . Estas cookies almacenan informaci\u00f3n del comportamiento de los usuarios obtenida a trav\u00e9s de la observaci\u00f3n continua de sus h\u00e1bitos de navegaci\u00f3n, lo que permite<\/p>\n<p>desarrollar un perfil espec\u00edfico para mostrar publicidad en funci\u00f3n de la misma.<br>Cookies de an\u00e1lisis: Son aquellas que permiten al responsable de las mismas, el seguimiento y an\u00e1lisis del comportamiento de los usuarios de los sitios web a los que est\u00e1n vinculadas. La informaci\u00f3n recogida mediante este tipo de cookies se utiliza en la medici\u00f3n de la actividad de los sitios web, aplicaci\u00f3n o plataforma y para la elaboraci\u00f3n de perfiles de navegaci\u00f3n de los usuarios de estos sitios, aplicaciones y plataformas, a fin de introducir mejoras en funci\u00f3n del an\u00e1lisis de los datos de uso que realizan los usuarios del servicio.<\/p>\n<p>En cuanto al tratamiento de datos recabados a trav\u00e9s de las cookies de an\u00e1lisis, aunque no est\u00e1n exentas del deber de obtener un consentimiento informado para su uso, es poco probable que representen un riesgo para la privacidad de los usuarios siempre que se trate de cookies de primera parte, que traten datos agregados con una finalidad estrictamente estad\u00edstica, que se facilite informaci\u00f3n sobre su uso y se incluya la posibilidad de que los usuarios manifiesten su negativa sobre su utilizaci\u00f3n.<\/p>\n<p>Actualmente, la mayor\u00eda de los navegadores vienen configurados por defecto para bloquear la instalaci\u00f3n de cookies de publicidad o terceros en su equipo. El usuario puede ampliar las restricciones de origen, impidiendo la entrada de cualquier tipo de cookie, o eliminar estas restricciones, aceptando la entrada de cualquier tipo de cookies. Si est\u00e1 interesado en admitir cookies de publicidad o de terceros, podr\u00e1 configurar su navegador a tal fin.<\/p>\n<p>La aceptaci\u00f3n realizada por el usuario, haciendo clic en el bot\u00f3n de ACEPTAR mostrado en la informaci\u00f3n inicial sobre cookies, implica que est\u00e1 consintiendo expresamente al responsable para su utilizaci\u00f3n, pudiendo ejercer sus derechos y revocar su consentimiento en cualquier momento, mediante solicitud a GRUPO Internovatec SL<\/p>\n<p>A continuaci\u00f3n, le informamos detalladamente todas las cookies que podr\u00edan llegar a instalarse desde nuestro sitio web. En funci\u00f3n de su navegaci\u00f3n, de la configuraci\u00f3n de su navegador y de la aceptaci\u00f3n o rechazo de las mismas, podr\u00e1n instalarse todas o s\u00f3lo algunas de ellas.<\/p>\n<table>\n<tbody>\n<tr>\n<td>Cookie<\/td>\n<td>Origen<\/td>\n<td>Finalidad y m\u00e1s informaci\u00f3n<\/td>\n<\/tr>\n<tr>\n<td>borlabs-cookie<\/td>\n<td>Cookies Pr\u00f2pies<\/td>\n<td>Guarda las preferencias de los visitantes seleccionadas en la caja de cookies de la cookie Borlabs. Duraci\u00f3n: 1 a\u00f1o<\/td>\n<\/tr>\n<tr>\n<td>_fbp<\/td>\n<td>Facebook<\/td>\n<td>para almacenar y realizar un seguimiento de las visitas a varios sitios web. Duraci\u00f3n: 3 meses.<\/td>\n<\/tr>\n<tr>\n<td>wordpress_test_cookie<\/td>\n<td>Cookies Pr\u00f2pies<\/td>\n<td>Esta cookie se utiliza para que el gestor de contenidos WordPress compruebe si el navegador tiene las cookies activadas. Duraci\u00f3n: Sesi\u00f3n<\/td>\n<\/tr>\n<tr>\n<td>_ga<\/td>\n<td>Google Analytics<\/td>\n<td>para contar y realizar un seguimiento de las p\u00e1ginas vistas. Duraci\u00f3n: 2 a\u00f1os<\/td>\n<\/tr>\n<tr>\n<td>__Secure-3PAPISID, __Secure-3PSID, __Secure-3PSIDCC<\/td>\n<td>Google<\/td>\n<td>Publicitaria. Estas cookies se utilizan para entregar ANUNCIOS m\u00e1s relevantes para ti y para tus intereses. Duraci\u00f3n: 2 a\u00f1os<\/td>\n<\/tr>\n<tr>\n<td>_1P_JAR, APISID, CONSENT, HSID, NID, OGP, OGPC, SAPISID, SID, SIDCC, SSID<\/td>\n<td>Google Ads Optimization<\/td>\n<td>Estas cookies se utilizan para recabar informaci\u00f3n sobre el uso de nuestro sitio web por parte de los visitantes. Utilizamos la informaci\u00f3n para elaborar informes y para mejorar el sitio. Estas cookies se asocian \u00fanicamente a un usuario an\u00f3nimo ya su ordenador\/dispositivo sin proporcionar referencias que permitan conocer datos personales. Recogen el n\u00famero de visitantes en el sitio, el tiempo que duran las visitas, el navegador, el tipo de terminal, el lugar de procedencia de los visitantes y las p\u00e1ginas visitadas. Duraci\u00f3n: 2 a\u00f1os<\/td>\n<\/tr>\n<tr>\n<td>OTZ<\/td>\n<td>Google<\/td>\n<td>Publicitaria. Permiten optimizar y personalizar los anuncios mostrados al navegar. Sirve para analizar pautas de tr\u00e1fico en la web, duraci\u00f3n de la sesi\u00f3n de navegador. Est\u00e1 relacionada con el sistema de publicidad personalizada de Google Adwords. Duraci\u00f3n: 1 mes<\/td>\n<\/tr>\n<tr>\n<td>SEARCH_SAMESITE<\/td>\n<td>Google Ads Optimization<\/td>\n<td>de origen cruzado. Tambi\u00e9n proporciona cierta protecci\u00f3n contra los ataques de falsificaci\u00f3n de solicitudes entre sitios. Duraci\u00f3n: 1 mes<\/td>\n<\/tr>\n<tr>\n<td>DV<\/td>\n<td>Google<\/td>\n<td>Es utilizada por Google para proveer servicios y extraer informaci\u00f3n an\u00f3nima sobre la navegaci\u00f3n. Duraci\u00f3n: 6 horas<\/td>\n<\/tr>\n<\/tbody>\n<\/table>\n<p>Es posible que actualicemos la Pol\u00edtica de Cookies de nuestro sitio web, por eso le recomendamos revisar esta pol\u00edtica cada vez que acceda a nuestro Sitio Web con el objetivo de estar adecuadamente informado sobre c\u00f3mo y por qu\u00e9 utilizamos las cookies.<\/p>\n<p>La finalidad de las cookies es facilitar al Usuario un acceso m\u00e1s r\u00e1pido a los Servicios seleccionados.<\/p>\n<p>Si usted no desea que se guarden cookies o prefiere recibir una informaci\u00f3n cada vez que una cookie solicite instalarse, para configurar sus opciones de navegaci\u00f3n para que se haga de esta forma. La mayor parte de los navegadores permiten la gesti\u00f3n de las cookies de 3 formas distintas:<\/p>\n<p>Las cookies son siempre rechazadas;<\/p>\n<p>El navegador pregunta si el usuario desea instalar cada cookie;<\/p>\n<p>Las cookies son siempre aceptadas;<\/p>\n<p>Su navegador tambi\u00e9n puede incluir la posibilidad de seleccionar con detalle las cookies que desea que se instalen en el s<\/p>\n<p>u ordenador. En concreto, el usuario puede normalmente aceptar alguna de las siguientes opciones:<\/p>\n<p>Rechazar las cookies de determinados dominios;<\/p>\n<p>Rechazar las cookies de terceros;<\/p>\n<p>Acepta cookies como no persistentes (se eliminan cuando el navegador se cierra);<\/p>\n<p>Permitir al servidor crear cookies por un dominio diferente.<\/p>\n<p>Para permitir, conocer, bloquear o eliminar las cookies instaladas en su equipo puede hacerlo mediante la configuraci\u00f3n de las opciones del navegador instalado en su ordenador.<\/p>\n<p>Puede encontrar informaci\u00f3n sobre c\u00f3mo configurar los navegadores m\u00e1s usados en las siguientes ubicaciones:<\/p>\n<p>Internet Explorer: Herramientas -&gt; Opciones de Internet -&gt; Privacidad -&gt; Configuraci\u00f3n. Para m\u00e1s informaci\u00f3n, puede consultar el soporte de Microsoft o la Ayuda del navegador.<\/p>\n<p>Firefox: Herramientas -&gt; Opciones -&gt; Privacidad -&gt; Hist\u00f3rico -&gt; Configuraci\u00f3n Personalizada. Para m\u00e1s informaci\u00f3n, puede consultar el soporte de Mozilla o la Ayuda del navegador.<\/p>\n<p>Chrome: Configuraci\u00f3n -&gt; Muestra opciones avanzadas -&gt; Privacidad -&gt; Configuraci\u00f3n de contenido. Para m\u00e1s informaci\u00f3n, puede consultar el soporte de Google o la Ayuda del navegador.<\/p>\n<p>Safari: Preferencias -&gt; Seguridad. Para m\u00e1s informaci\u00f3n, puede consultar el soporte de Apple o la Ayuda del navegador.<\/p>\n<p>Si ha aceptado cargar las cookies de Google Analytics, tambi\u00e9n puede revocar en cualquier momento esta aceptaci\u00f3n utilizando el \u00abComplemento de inhabilitaci\u00f3n para navegadores de Google Analytics\u00bb, accediendo a la siguiente p\u00e1gina web y siguiendo las instrucciones que aqu\u00ed se detallan:<br>https:\/\/tools.google.com\/dlpage\/gaoptout?hl=es<\/p>\t\t\t\t\t\t\t\t<\/div>\n\t\t\t\t<\/div>\n\t\t\t\t\t<\/div>\n\t\t<\/div>\n\t\t\t\t\t<\/div>\n\t\t<\/section>\n\t\t\t\t<\/div>\n\t\t","protected":false},"excerpt":{"rendered":"<p>Pol\u00edtica de cookies En la web&nbsp;https:\/\/www.websenwordpress.cat\/&nbsp;(en adelante, el sitio web) utilizamos cookies para facilitar la relaci\u00f3n de los visitantes con [&hellip;]<\/p>\n","protected":false},"author":1,"featured_media":0,"parent":0,"menu_order":0,"comment_status":"closed","ping_status":"closed","template":"elementor_header_footer","meta":{"_acf_changed":false,"site-sidebar-layout":"no-sidebar","site-content-layout":"","ast-site-content-layout":"full-width-container","site-content-style":"default","site-sidebar-style":"default","ast-global-header-display":"","ast-banner-title-visibility":"","ast-main-header-display":"","ast-hfb-above-header-display":"","ast-hfb-below-header-display":"","ast-hfb-mobile-header-display":"","site-post-title":"disabled","ast-breadcrumbs-content":"","ast-featured-img":"disabled","footer-sml-layout":"","ast-disable-related-posts":"","theme-transparent-header-meta":"default","adv-header-id-meta":"","stick-header-meta":"","header-above-stick-meta":"","header-main-stick-meta":"","header-below-stick-meta":"","astra-migrate-meta-layouts":"set","ast-page-background-enabled":"default","ast-page-background-meta":{"desktop":{"background-color":"var(--ast-global-color-4)","background-image":"","background-repeat":"repeat","background-position":"center center","background-size":"auto","background-attachment":"scroll","background-type":"","background-media":"","overlay-type":"","overlay-color":"","overlay-opacity":"","overlay-gradient":""},"tablet":{"background-color":"","background-image":"","background-repeat":"repeat","background-position":"center center","background-size":"auto","background-attachment":"scroll","background-type":"","background-media":"","overlay-type":"","overlay-color":"","overlay-opacity":"","overlay-gradient":""},"mobile":{"background-color":"","background-image":"","background-repeat":"repeat","background-position":"center center","background-size":"auto","background-attachment":"scroll","background-type":"","background-media":"","overlay-type":"","overlay-color":"","overlay-opacity":"","overlay-gradient":""}},"ast-content-background-meta":{"desktop":{"background-color":"var(--ast-global-color-5)","background-image":"","background-repeat":"repeat","background-position":"center center","background-size":"auto","background-attachment":"scroll","background-type":"","background-media":"","overlay-type":"","overlay-color":"","overlay-opacity":"","overlay-gradient":""},"tablet":{"background-color":"var(--ast-global-color-5)","background-image":"","background-repeat":"repeat","background-position":"center center","background-size":"auto","background-attachment":"scroll","background-type":"","background-media":"","overlay-type":"","overlay-color":"","overlay-opacity":"","overlay-gradient":""},"mobile":{"background-color":"var(--ast-global-color-5)","background-image":"","background-repeat":"repeat","background-position":"center center","background-size":"auto","background-attachment":"scroll","background-type":"","background-media":"","overlay-type":"","overlay-color":"","overlay-opacity":"","overlay-gradient":""}},"footnotes":""},"class_list":["post-522","page","type-page","status-publish","hentry"],"acf":[],"yoast_head":"<!-- This site is optimized with the Yoast SEO plugin v27.3 - https:\/\/yoast.com\/product\/yoast-seo-wordpress\/ -->\n<title>Pol\u00edtica de cookies - Webs en WordPress<\/title>\n<meta name=\"robots\" content=\"index, follow, max-snippet:-1, max-image-preview:large, max-video-preview:-1\" \/>\n<link rel=\"canonical\" href=\"https:\/\/websenwordpress.cat\/es\/politica-de-cookies\/\" \/>\n<meta property=\"og:locale\" content=\"es_ES\" \/>\n<meta property=\"og:type\" content=\"article\" \/>\n<meta property=\"og:title\" content=\"Pol\u00edtica de cookies - Webs en WordPress\" \/>\n<meta property=\"og:description\" content=\"Pol\u00edtica de cookies En la web&nbsp;https:\/\/www.websenwordpress.cat\/&nbsp;(en adelante, el sitio web) utilizamos cookies para facilitar la relaci\u00f3n de los visitantes con [&hellip;]\" \/>\n<meta property=\"og:url\" content=\"https:\/\/websenwordpress.cat\/es\/politica-de-cookies\/\" \/>\n<meta property=\"og:site_name\" content=\"Webs en WordPress\" \/>\n<meta property=\"article:modified_time\" content=\"2025-05-27T23:30:20+00:00\" \/>\n<meta name=\"twitter:card\" content=\"summary_large_image\" \/>\n<meta name=\"twitter:site\" content=\"@websenwordpress\" \/>\n<meta name=\"twitter:label1\" content=\"Tiempo de lectura\" \/>\n\t<meta name=\"twitter:data1\" content=\"10 minutos\" \/>\n<script type=\"application\/ld+json\" class=\"yoast-schema-graph\">{\"@context\":\"https:\\\/\\\/schema.org\",\"@graph\":[{\"@type\":\"WebPage\",\"@id\":\"https:\\\/\\\/websenwordpress.cat\\\/es\\\/politica-de-cookies\\\/\",\"url\":\"https:\\\/\\\/websenwordpress.cat\\\/es\\\/politica-de-cookies\\\/\",\"name\":\"Pol\u00edtica de cookies - Webs en WordPress\",\"isPartOf\":{\"@id\":\"https:\\\/\\\/websenwordpress.cat\\\/es\\\/#website\"},\"datePublished\":\"2024-03-26T16:35:46+00:00\",\"dateModified\":\"2025-05-27T23:30:20+00:00\",\"breadcrumb\":{\"@id\":\"https:\\\/\\\/websenwordpress.cat\\\/es\\\/politica-de-cookies\\\/#breadcrumb\"},\"inLanguage\":\"es\",\"potentialAction\":[{\"@type\":\"ReadAction\",\"target\":[\"https:\\\/\\\/websenwordpress.cat\\\/es\\\/politica-de-cookies\\\/\"]}]},{\"@type\":\"BreadcrumbList\",\"@id\":\"https:\\\/\\\/websenwordpress.cat\\\/es\\\/politica-de-cookies\\\/#breadcrumb\",\"itemListElement\":[{\"@type\":\"ListItem\",\"position\":1,\"name\":\"Inici\",\"item\":\"https:\\\/\\\/websenwordpress.cat\\\/es\\\/\"},{\"@type\":\"ListItem\",\"position\":2,\"name\":\"Pol\u00edtica de cookies\"}]},{\"@type\":\"WebSite\",\"@id\":\"https:\\\/\\\/websenwordpress.cat\\\/es\\\/#website\",\"url\":\"https:\\\/\\\/websenwordpress.cat\\\/es\\\/\",\"name\":\"webs en wordpres\",\"description\":\"\",\"publisher\":{\"@id\":\"https:\\\/\\\/websenwordpress.cat\\\/es\\\/#organization\"},\"potentialAction\":[{\"@type\":\"SearchAction\",\"target\":{\"@type\":\"EntryPoint\",\"urlTemplate\":\"https:\\\/\\\/websenwordpress.cat\\\/es\\\/?s={search_term_string}\"},\"query-input\":{\"@type\":\"PropertyValueSpecification\",\"valueRequired\":true,\"valueName\":\"search_term_string\"}}],\"inLanguage\":\"es\"},{\"@type\":\"Organization\",\"@id\":\"https:\\\/\\\/websenwordpress.cat\\\/es\\\/#organization\",\"name\":\"webs en wordpress\",\"url\":\"https:\\\/\\\/websenwordpress.cat\\\/es\\\/\",\"logo\":{\"@type\":\"ImageObject\",\"inLanguage\":\"es\",\"@id\":\"https:\\\/\\\/websenwordpress.cat\\\/es\\\/#\\\/schema\\\/logo\\\/image\\\/\",\"url\":\"https:\\\/\\\/websenwordpress.cat\\\/wp-content\\\/uploads\\\/2024\\\/03\\\/LOGO-WWP-2024-color-real.png\",\"contentUrl\":\"https:\\\/\\\/websenwordpress.cat\\\/wp-content\\\/uploads\\\/2024\\\/03\\\/LOGO-WWP-2024-color-real.png\",\"width\":629,\"height\":208,\"caption\":\"webs en wordpress\"},\"image\":{\"@id\":\"https:\\\/\\\/websenwordpress.cat\\\/es\\\/#\\\/schema\\\/logo\\\/image\\\/\"},\"sameAs\":[\"https:\\\/\\\/x.com\\\/websenwordpress\",\"https:\\\/\\\/www.instagram.com\\\/websenwordpress\\\/\"]}]}<\/script>\n<!-- \/ Yoast SEO plugin. -->","yoast_head_json":{"title":"Pol\u00edtica de cookies - Webs en WordPress","robots":{"index":"index","follow":"follow","max-snippet":"max-snippet:-1","max-image-preview":"max-image-preview:large","max-video-preview":"max-video-preview:-1"},"canonical":"https:\/\/websenwordpress.cat\/es\/politica-de-cookies\/","og_locale":"es_ES","og_type":"article","og_title":"Pol\u00edtica de cookies - Webs en WordPress","og_description":"Pol\u00edtica de cookies En la web&nbsp;https:\/\/www.websenwordpress.cat\/&nbsp;(en adelante, el sitio web) utilizamos cookies para facilitar la relaci\u00f3n de los visitantes con [&hellip;]","og_url":"https:\/\/websenwordpress.cat\/es\/politica-de-cookies\/","og_site_name":"Webs en WordPress","article_modified_time":"2025-05-27T23:30:20+00:00","twitter_card":"summary_large_image","twitter_site":"@websenwordpress","twitter_misc":{"Tiempo de lectura":"10 minutos"},"schema":{"@context":"https:\/\/schema.org","@graph":[{"@type":"WebPage","@id":"https:\/\/websenwordpress.cat\/es\/politica-de-cookies\/","url":"https:\/\/websenwordpress.cat\/es\/politica-de-cookies\/","name":"Pol\u00edtica de cookies - Webs en WordPress","isPartOf":{"@id":"https:\/\/websenwordpress.cat\/es\/#website"},"datePublished":"2024-03-26T16:35:46+00:00","dateModified":"2025-05-27T23:30:20+00:00","breadcrumb":{"@id":"https:\/\/websenwordpress.cat\/es\/politica-de-cookies\/#breadcrumb"},"inLanguage":"es","potentialAction":[{"@type":"ReadAction","target":["https:\/\/websenwordpress.cat\/es\/politica-de-cookies\/"]}]},{"@type":"BreadcrumbList","@id":"https:\/\/websenwordpress.cat\/es\/politica-de-cookies\/#breadcrumb","itemListElement":[{"@type":"ListItem","position":1,"name":"Inici","item":"https:\/\/websenwordpress.cat\/es\/"},{"@type":"ListItem","position":2,"name":"Pol\u00edtica de cookies"}]},{"@type":"WebSite","@id":"https:\/\/websenwordpress.cat\/es\/#website","url":"https:\/\/websenwordpress.cat\/es\/","name":"webs en wordpres","description":"","publisher":{"@id":"https:\/\/websenwordpress.cat\/es\/#organization"},"potentialAction":[{"@type":"SearchAction","target":{"@type":"EntryPoint","urlTemplate":"https:\/\/websenwordpress.cat\/es\/?s={search_term_string}"},"query-input":{"@type":"PropertyValueSpecification","valueRequired":true,"valueName":"search_term_string"}}],"inLanguage":"es"},{"@type":"Organization","@id":"https:\/\/websenwordpress.cat\/es\/#organization","name":"webs en wordpress","url":"https:\/\/websenwordpress.cat\/es\/","logo":{"@type":"ImageObject","inLanguage":"es","@id":"https:\/\/websenwordpress.cat\/es\/#\/schema\/logo\/image\/","url":"https:\/\/websenwordpress.cat\/wp-content\/uploads\/2024\/03\/LOGO-WWP-2024-color-real.png","contentUrl":"https:\/\/websenwordpress.cat\/wp-content\/uploads\/2024\/03\/LOGO-WWP-2024-color-real.png","width":629,"height":208,"caption":"webs en wordpress"},"image":{"@id":"https:\/\/websenwordpress.cat\/es\/#\/schema\/logo\/image\/"},"sameAs":["https:\/\/x.com\/websenwordpress","https:\/\/www.instagram.com\/websenwordpress\/"]}]}},"_links":{"self":[{"href":"https:\/\/websenwordpress.cat\/es\/wp-json\/wp\/v2\/pages\/522","targetHints":{"allow":["GET"]}}],"collection":[{"href":"https:\/\/websenwordpress.cat\/es\/wp-json\/wp\/v2\/pages"}],"about":[{"href":"https:\/\/websenwordpress.cat\/es\/wp-json\/wp\/v2\/types\/page"}],"author":[{"embeddable":true,"href":"https:\/\/websenwordpress.cat\/es\/wp-json\/wp\/v2\/users\/1"}],"replies":[{"embeddable":true,"href":"https:\/\/websenwordpress.cat\/es\/wp-json\/wp\/v2\/comments?post=522"}],"version-history":[{"count":7,"href":"https:\/\/websenwordpress.cat\/es\/wp-json\/wp\/v2\/pages\/522\/revisions"}],"predecessor-version":[{"id":530,"href":"https:\/\/websenwordpress.cat\/es\/wp-json\/wp\/v2\/pages\/522\/revisions\/530"}],"wp:attachment":[{"href":"https:\/\/websenwordpress.cat\/es\/wp-json\/wp\/v2\/media?parent=522"}],"curies":[{"name":"wp","href":"https:\/\/api.w.org\/{rel}","templated":true}]}}