{"id":531,"date":"2024-03-26T16:38:05","date_gmt":"2024-03-26T16:38:05","guid":{"rendered":"https:\/\/websenwordpress.cat\/?page_id=531"},"modified":"2025-05-27T23:30:19","modified_gmt":"2025-05-27T23:30:19","slug":"aviso-legal","status":"publish","type":"page","link":"https:\/\/websenwordpress.cat\/es\/aviso-legal\/","title":{"rendered":"Aviso legal"},"content":{"rendered":"\t\t<div data-elementor-type=\"wp-page\" data-elementor-id=\"531\" class=\"elementor elementor-531 elementor-428\" data-elementor-post-type=\"page\">\n\t\t\t\t\t\t<section class=\"elementor-section elementor-top-section elementor-element elementor-element-5f9ead8 elementor-section-boxed elementor-section-height-default elementor-section-height-default\" data-id=\"5f9ead8\" data-element_type=\"section\" data-e-type=\"section\">\n\t\t\t\t\t\t<div class=\"elementor-container elementor-column-gap-default\">\n\t\t\t\t\t<div class=\"elementor-column elementor-col-100 elementor-top-column elementor-element elementor-element-aac33cd\" data-id=\"aac33cd\" data-element_type=\"column\" data-e-type=\"column\">\n\t\t\t<div class=\"elementor-widget-wrap elementor-element-populated\">\n\t\t\t\t\t\t<div class=\"elementor-element elementor-element-3a09dd9 elementor-widget elementor-widget-heading\" data-id=\"3a09dd9\" data-element_type=\"widget\" data-e-type=\"widget\" data-widget_type=\"heading.default\">\n\t\t\t\t<div class=\"elementor-widget-container\">\n\t\t\t\t\t<h2 class=\"elementor-heading-title elementor-size-default\">Aviso legal<\/h2>\t\t\t\t<\/div>\n\t\t\t\t<\/div>\n\t\t\t\t<div class=\"elementor-element elementor-element-6566dbe elementor-widget elementor-widget-text-editor\" data-id=\"6566dbe\" data-element_type=\"widget\" data-e-type=\"widget\" data-widget_type=\"text-editor.default\">\n\t\t\t\t<div class=\"elementor-widget-container\">\n\t\t\t\t\t\t\t\t\t<p>En el presente Aviso Legal, el Usuario, podr\u00e1 encontrar toda la informaci\u00f3n relativa a las condiciones legales que definen las relaciones entre los usuarios y el responsable de la p\u00e1gina web accesible en la direcci\u00f3n URL\u00a0https:\/\/www.websenwordpress.cat\/ (en adelante, el sitio web), que GRUP Internovatec SL pone a disposici\u00f3n de los usuarios de Internet.<\/p><p>La utilizaci\u00f3n del sitio web implica la aceptaci\u00f3n plena y sin reservas de todas y cada una de las disposiciones incluidas en este Aviso Legal. En consecuencia, el usuario de la p\u00e1gina web debe leer atentamente el presente Aviso Legal en cada una de las ocasiones en que se proponga utilizar la web, ya que el texto podr\u00eda sufrir modificaciones a criterio del titular de la web, oa causa de un cambio legislativo, jurisprudencial o en la pr\u00e1ctica empresarial.<\/p><p>1.- DATOS DEL RESPONSABLE TITULAR DEL SITIO WEB<\/p><p>Nombre de titular:\u00a0GRUP Internovatec SL<br \/>Domicilio social:\u00a0Galceran de Pin\u00f3s 33, 08210, Barber\u00e0 de Vall\u00e8s, Barcelona<br \/>C.I.F .:\u00a0B67140434<br \/>Tel\u00e9fono de contacto:\u00a0932998246<br \/>Correo electr\u00f3nico:\u00a0info@websenwordpress.cat<\/p><p>GRUPO Internovatec SL es el responsable del Sitio Web y se compromete a cumplir con todos los requisitos nacionales y europeos que regulan el uso de los datos personales de los usuarios.<\/p><p>Este sitio web garantiza la protecci\u00f3n y confidencialidad de los datos personales que nos proporcionen de acuerdo con lo que dispone el Reglamento General de Protecci\u00f3n de Datos de Car\u00e1cter Personal (UE) 2016\/679 del Parlamento Europeo y de Consejo, de 27 de abril de 2016, en la Ley Org\u00e1nica 3\/2018, de Protecci\u00f3n de Datos Personales y garant\u00eda de los derechos digitales, as\u00ed como en la Ley de Servicios de la Sociedad de la Informaci\u00f3n y Comercio Electr\u00f3nico 34\/2002 de 11 de Julio (LSSI-CE ).<\/p><p>2.- OBJETO<\/p><p>El sitio web facilita a los usuarios de la misma el acceso a informaci\u00f3n y servicios prestados por GRUP Internovatec SL a aquellas personas u organizaciones interesadas en los mismos.<\/p><p>El acceso y la utilizaci\u00f3n del Sitio Web atribuye la condici\u00f3n de usuario del Sitio Web (en adelante, \u201cel Usuario\u201d) e implica la aceptaci\u00f3n de todas las condiciones incluidas en este Aviso Legal as\u00ed como de sus modificaciones . La prestaci\u00f3n de servicio del Sitio Web tiene una duraci\u00f3n limitada en el momento en que el Usuario se encuentre conectado al Sitio Web oa alguno de los servicios que a trav\u00e9s del mismo se facilitan. Por tanto, el Usuario debe leer atentamente el presente Aviso Legal en cada una de las ocasiones en que se proponga utilizar el Sitio Web, ya que \u00e9ste y sus condiciones de uso recogidas en el presente Aviso Legal pueden sufrir modificaciones.<\/p><p>3.- ACCESO Y UTILIZACI\u00d3N DE LA WEB<\/p><p>3.1.-\u00a0Car\u00e1cter gratuito del acceso y utilizaci\u00f3n de la web. El acceso a la web tiene car\u00e1cter gratuito para los usuarios de la misma, salvo en lo que se refiere al coste de la conexi\u00f3n a trav\u00e9s de la red de telecomunicaciones suministrada por el proveedor de acceso contratado por los usuarios.<\/p><p>3.2.-\u00a0Registro de usuarios. Con car\u00e1cter general el acceso y utilizaci\u00f3n de la web no exige previa suscripci\u00f3n o registro de los usuarios de la misma.<\/p><p>3.3.-\u00a0Los usuarios garantizan y responden, en cualquier caso, de la exactitud, vigencia y autenticidad de los datos personales facilitados, y se comprometen a mantenerlos debidamente actualizados. El usuario acepta proporcionar informaci\u00f3n completa y correcta en el formulario de contacto o suscripci\u00f3n.<\/p><p>En el caso de menores de catorce a\u00f1os se requiere el consentimiento de los padres o tutores para el tratamiento de sus datos personales.<\/p><p>En ning\u00fan caso se pedir\u00e1n al menor de edad datos relativos a la situaci\u00f3n profesional, econ\u00f3mica oa la intimidad de los dem\u00e1s miembros de la familia, sin el consentimiento de \u00e9stos. Si eres menor de catorce a\u00f1os y has accedido a este sitio web sin avisar a tus padres no debes registrarte como usuario.<\/p><p>En esta web se respetan y cuidan los datos personales de los usuarios. Como usuario debes saber que tus derechos est\u00e1n garantizados.<\/p><p>4.- CONTENIDOS DE LA WEB<\/p><p>El idioma utilizado por el titular en la web ser\u00e1 el espa\u00f1ol. GRUP Internovatec SL no se responsabiliza de la no comprensi\u00f3n o entendimiento del idioma de la web por el usuario, ni de sus consecuencias.<\/p><p>GRUP Internovatec SL podr\u00e1 modificar los contenidos sin previo aviso, as\u00ed como suprimir y cambiar estos dentro de la web, como la forma en que se accede a \u00e9stos, sin justificaci\u00f3n y libremente, no responsabiliz\u00e1ndose de las consecuencias que los mismos puedan ocasionar a los usuarios.<\/p><p>Se proh\u00edbe el uso de los contenidos de la web para promocionar, contratar o divulgar publicidad o informaci\u00f3n propia o de terceras personas sin la autorizaci\u00f3n de GRUP Internovatec SL, ni remitir publicidad o informaci\u00f3n vali\u00e9ndose para ello de los servicios o informaci\u00f3n que se ponen a disposici\u00f3n de los usuarios, independientemente de si su utilizaci\u00f3n es gratuita o no.<\/p><p>Los enlaces o hiperenlaces que incorporen terceros a sus p\u00e1ginas web, dirigidos a esta web, ser\u00e1n para la apertura de la p\u00e1gina web completa, no pudiendo manifestar, directa o indirectamente, indicaciones falsas, inexactas o confusas, ni inc<\/p><p>orrer en acciones desleales o il\u00edcitas en contra de aqu\u00e9l.<\/p><p>5.- MEDIDAS DE SEGURIDAD<\/p><p>Los datos personales comunicados por el usuario podr\u00e1n ser almacenados en bases de datos automatizadas o no, cuya titularidad corresponde en exclusiva a GRUP Internovatec SL, asumiendo todas las medidas de \u00edndole t\u00e9cnica, organizativa y de seguridad que garanticen la confidencialidad, integridad y calidad de la informaci\u00f3n contenida en las mismas de acuerdo con lo que establecen las normativas vigentes en materia de protecci\u00f3n de datos de car\u00e1cter personal.<\/p><p>6.- LIMITACI\u00d3N DE RESPONSABILIDAD<\/p><p>Tanto el acceso a la web como el uso no consentido que pueda efectuarse de la informaci\u00f3n contenida en la misma es de la exclusiva responsabilidad de quien lo realiza. GRUPO Internovatec SL no responder\u00e1 de ninguna consecuencia, da\u00f1o o perjuicio que pudieran derivarse de este acceso o uso. Tampoco se hace responsable de los errores de seguridad, que se puedan producir ni de los da\u00f1os que puedan causarse en el sistema inform\u00e1tico del usuario (hardware y software), o en los ficheros o documentos almacenados en el mismo, como consecuencia de:<\/p><p>la presencia de un virus en el ordenador del usuario que sea utilizado por la conexi\u00f3n a los servicios y contenidos de la web.<br \/>un mal funcionamiento del navegador.<br \/>y\/o del uso de versiones no actualizadas del mismo.<\/p><p>GRUP Internovatec SL no se hace responsable de la fiabilidad y rapidez de los hiperenlaces que se incorporen a la web para la apertura de otros. Tampoco garantiza la utilidad de estos enlaces, ni se responsabiliza de los contenidos o servicios a los que pueda acceder el usuario por medio de estos enlaces, ni del buen funcionamiento de estas webs.<\/p><p>GRUPO Internovatec SL no ser\u00e1 responsable de los virus u otros programas inform\u00e1ticos que deterioren o puedan deteriorar los sistemas o equipos inform\u00e1ticos de los usuarios al acceder a su web u otras webs a las que se haya accedido mediante enlaces de esta web.<\/p><p>7.- EMPLEO DE LA TECNOLOG\u00cdA \u201cCOOKIES\u201d<\/p><p>El sitio web puede utilizar cookies o tecnolog\u00edas similares que se regir\u00e1n por lo que establece la Pol\u00edtica de cookies, accesible en todo momento y respetando la confidencialidad e intimidad del usuario, siendo parte integrante del presente Aviso Legal.<\/p><p>8.- NAVEGACI\u00d3N<\/p><p>Los servidores de Internet pueden recoger datos no identificables, que puedan incluir, direcciones IP, y otros datos que no pueden ser utilizados para identificar al usuario. Su direcci\u00f3n IP se almacenar\u00e1 en los logs de acceso de forma autom\u00e1tica y con el \u00fanico fin de permitir el tr\u00e1fico por Internet, siendo necesario que su equipo facilite esta direcci\u00f3n IP cuando navega por Internet para que las comunicaciones puedan realizarse. Asimismo, la direcci\u00f3n IP puede ser utilizada para realizar estad\u00edsticas, de forma anonimizada, sobre el n\u00famero de visitantes de esta web y su procedencia, de forma totalmente transparente a su navegaci\u00f3n.<\/p><p>9.- PROPIEDAD INTELECTUAL E INDUSTRIAL<\/p><p>El usuario conoce y acepta que todos los contenidos y\/o cualesquiera otros elementos de la web son propiedad de GRUP Internovatec SL, y se compromete a respetar los derechos de propiedad intelectual e industrial titularidad de la misma y\/o de terceros. Cualquier uso de la web o sus contenidos deber\u00e1 tener un car\u00e1cter exclusivamente particular<\/p><p>Est\u00e1 reservado exclusivamente a GRUP Internovatec SL, cualquier otro uso que suponga la copia, reproducci\u00f3n, distribuci\u00f3n, transformaci\u00f3n, comunicaci\u00f3n p\u00fablica o cualquier otra acci\u00f3n similar, de todo o parte de los contenidos de la web, de forma que ning\u00fan usuario podr\u00e1 llevar a cabo estas acciones sin la autorizaci\u00f3n previa y por escrito de aqu\u00e9l.<\/p><p>10.- LEGISLACI\u00d3N APLICABLE Y JURISDICCI\u00d3N COMPETENTE<\/p><p>El presente Aviso Legal se interpretar\u00e1 y regir\u00e1 de conformidad con la legislaci\u00f3n espa\u00f1ola. GRUP Internovatec SL y los usuarios, con renuncia expresa a cualquier otro fuero que pudiera corresponderles, se someten al de los juzgados y tribunales del domicilio del usuario para cualquier controversia que pudiera derivarse del acceso o uso de la web. En caso de que el usuario tenga su domicilio fuera de Espa\u00f1a, GRUPO Internovatec SL y el usuario, se someten, con renuncia expresa a cualquier otro fuero, a los juzgados y tribunales de la ciudad de Barcelona.<\/p>\t\t\t\t\t\t\t\t<\/div>\n\t\t\t\t<\/div>\n\t\t\t\t\t<\/div>\n\t\t<\/div>\n\t\t\t\t\t<\/div>\n\t\t<\/section>\n\t\t\t\t<\/div>\n\t\t","protected":false},"excerpt":{"rendered":"<p>Aviso legal En el presente Aviso Legal, el Usuario, podr\u00e1 encontrar toda la informaci\u00f3n relativa a las condiciones legales que [&hellip;]<\/p>\n","protected":false},"author":1,"featured_media":0,"parent":0,"menu_order":0,"comment_status":"closed","ping_status":"closed","template":"elementor_header_footer","meta":{"_acf_changed":false,"site-sidebar-layout":"no-sidebar","site-content-layout":"","ast-site-content-layout":"full-width-container","site-content-style":"default","site-sidebar-style":"default","ast-global-header-display":"","ast-banner-title-visibility":"","ast-main-header-display":"","ast-hfb-above-header-display":"","ast-hfb-below-header-display":"","ast-hfb-mobile-header-display":"","site-post-title":"disabled","ast-breadcrumbs-content":"","ast-featured-img":"disabled","footer-sml-layout":"","ast-disable-related-posts":"","theme-transparent-header-meta":"default","adv-header-id-meta":"","stick-header-meta":"","header-above-stick-meta":"","header-main-stick-meta":"","header-below-stick-meta":"","astra-migrate-meta-layouts":"set","ast-page-background-enabled":"default","ast-page-background-meta":{"desktop":{"background-color":"var(--ast-global-color-4)","background-image":"","background-repeat":"repeat","background-position":"center center","background-size":"auto","background-attachment":"scroll","background-type":"","background-media":"","overlay-type":"","overlay-color":"","overlay-opacity":"","overlay-gradient":""},"tablet":{"background-color":"","background-image":"","background-repeat":"repeat","background-position":"center center","background-size":"auto","background-attachment":"scroll","background-type":"","background-media":"","overlay-type":"","overlay-color":"","overlay-opacity":"","overlay-gradient":""},"mobile":{"background-color":"","background-image":"","background-repeat":"repeat","background-position":"center center","background-size":"auto","background-attachment":"scroll","background-type":"","background-media":"","overlay-type":"","overlay-color":"","overlay-opacity":"","overlay-gradient":""}},"ast-content-background-meta":{"desktop":{"background-color":"var(--ast-global-color-5)","background-image":"","background-repeat":"repeat","background-position":"center center","background-size":"auto","background-attachment":"scroll","background-type":"","background-media":"","overlay-type":"","overlay-color":"","overlay-opacity":"","overlay-gradient":""},"tablet":{"background-color":"var(--ast-global-color-5)","background-image":"","background-repeat":"repeat","background-position":"center center","background-size":"auto","background-attachment":"scroll","background-type":"","background-media":"","overlay-type":"","overlay-color":"","overlay-opacity":"","overlay-gradient":""},"mobile":{"background-color":"var(--ast-global-color-5)","background-image":"","background-repeat":"repeat","background-position":"center center","background-size":"auto","background-attachment":"scroll","background-type":"","background-media":"","overlay-type":"","overlay-color":"","overlay-opacity":"","overlay-gradient":""}},"footnotes":""},"class_list":["post-531","page","type-page","status-publish","hentry"],"acf":[],"yoast_head":"<!-- This site is optimized with the Yoast SEO plugin v27.3 - https:\/\/yoast.com\/product\/yoast-seo-wordpress\/ -->\n<title>Aviso legal - Webs en WordPress<\/title>\n<meta name=\"robots\" content=\"index, follow, max-snippet:-1, max-image-preview:large, max-video-preview:-1\" \/>\n<link rel=\"canonical\" href=\"https:\/\/websenwordpress.cat\/es\/aviso-legal\/\" \/>\n<meta property=\"og:locale\" content=\"es_ES\" \/>\n<meta property=\"og:type\" content=\"article\" \/>\n<meta property=\"og:title\" content=\"Aviso legal - Webs en WordPress\" \/>\n<meta property=\"og:description\" content=\"Aviso legal En el presente Aviso Legal, el Usuario, podr\u00e1 encontrar toda la informaci\u00f3n relativa a las condiciones legales que [&hellip;]\" \/>\n<meta property=\"og:url\" content=\"https:\/\/websenwordpress.cat\/es\/aviso-legal\/\" \/>\n<meta property=\"og:site_name\" content=\"Webs en WordPress\" \/>\n<meta property=\"article:modified_time\" content=\"2025-05-27T23:30:19+00:00\" \/>\n<meta name=\"twitter:card\" content=\"summary_large_image\" \/>\n<meta name=\"twitter:site\" content=\"@websenwordpress\" \/>\n<meta name=\"twitter:label1\" content=\"Tiempo de lectura\" \/>\n\t<meta name=\"twitter:data1\" content=\"8 minutos\" \/>\n<script type=\"application\/ld+json\" class=\"yoast-schema-graph\">{\"@context\":\"https:\\\/\\\/schema.org\",\"@graph\":[{\"@type\":\"WebPage\",\"@id\":\"https:\\\/\\\/websenwordpress.cat\\\/es\\\/aviso-legal\\\/\",\"url\":\"https:\\\/\\\/websenwordpress.cat\\\/es\\\/aviso-legal\\\/\",\"name\":\"Aviso legal - Webs en WordPress\",\"isPartOf\":{\"@id\":\"https:\\\/\\\/websenwordpress.cat\\\/es\\\/#website\"},\"datePublished\":\"2024-03-26T16:38:05+00:00\",\"dateModified\":\"2025-05-27T23:30:19+00:00\",\"breadcrumb\":{\"@id\":\"https:\\\/\\\/websenwordpress.cat\\\/es\\\/aviso-legal\\\/#breadcrumb\"},\"inLanguage\":\"es\",\"potentialAction\":[{\"@type\":\"ReadAction\",\"target\":[\"https:\\\/\\\/websenwordpress.cat\\\/es\\\/aviso-legal\\\/\"]}]},{\"@type\":\"BreadcrumbList\",\"@id\":\"https:\\\/\\\/websenwordpress.cat\\\/es\\\/aviso-legal\\\/#breadcrumb\",\"itemListElement\":[{\"@type\":\"ListItem\",\"position\":1,\"name\":\"Inici\",\"item\":\"https:\\\/\\\/websenwordpress.cat\\\/es\\\/\"},{\"@type\":\"ListItem\",\"position\":2,\"name\":\"Aviso legal\"}]},{\"@type\":\"WebSite\",\"@id\":\"https:\\\/\\\/websenwordpress.cat\\\/es\\\/#website\",\"url\":\"https:\\\/\\\/websenwordpress.cat\\\/es\\\/\",\"name\":\"webs en wordpres\",\"description\":\"\",\"publisher\":{\"@id\":\"https:\\\/\\\/websenwordpress.cat\\\/es\\\/#organization\"},\"potentialAction\":[{\"@type\":\"SearchAction\",\"target\":{\"@type\":\"EntryPoint\",\"urlTemplate\":\"https:\\\/\\\/websenwordpress.cat\\\/es\\\/?s={search_term_string}\"},\"query-input\":{\"@type\":\"PropertyValueSpecification\",\"valueRequired\":true,\"valueName\":\"search_term_string\"}}],\"inLanguage\":\"es\"},{\"@type\":\"Organization\",\"@id\":\"https:\\\/\\\/websenwordpress.cat\\\/es\\\/#organization\",\"name\":\"webs en wordpress\",\"url\":\"https:\\\/\\\/websenwordpress.cat\\\/es\\\/\",\"logo\":{\"@type\":\"ImageObject\",\"inLanguage\":\"es\",\"@id\":\"https:\\\/\\\/websenwordpress.cat\\\/es\\\/#\\\/schema\\\/logo\\\/image\\\/\",\"url\":\"https:\\\/\\\/websenwordpress.cat\\\/wp-content\\\/uploads\\\/2024\\\/03\\\/LOGO-WWP-2024-color-real.png\",\"contentUrl\":\"https:\\\/\\\/websenwordpress.cat\\\/wp-content\\\/uploads\\\/2024\\\/03\\\/LOGO-WWP-2024-color-real.png\",\"width\":629,\"height\":208,\"caption\":\"webs en wordpress\"},\"image\":{\"@id\":\"https:\\\/\\\/websenwordpress.cat\\\/es\\\/#\\\/schema\\\/logo\\\/image\\\/\"},\"sameAs\":[\"https:\\\/\\\/x.com\\\/websenwordpress\",\"https:\\\/\\\/www.instagram.com\\\/websenwordpress\\\/\"]}]}<\/script>\n<!-- \/ Yoast SEO plugin. -->","yoast_head_json":{"title":"Aviso legal - Webs en WordPress","robots":{"index":"index","follow":"follow","max-snippet":"max-snippet:-1","max-image-preview":"max-image-preview:large","max-video-preview":"max-video-preview:-1"},"canonical":"https:\/\/websenwordpress.cat\/es\/aviso-legal\/","og_locale":"es_ES","og_type":"article","og_title":"Aviso legal - Webs en WordPress","og_description":"Aviso legal En el presente Aviso Legal, el Usuario, podr\u00e1 encontrar toda la informaci\u00f3n relativa a las condiciones legales que [&hellip;]","og_url":"https:\/\/websenwordpress.cat\/es\/aviso-legal\/","og_site_name":"Webs en WordPress","article_modified_time":"2025-05-27T23:30:19+00:00","twitter_card":"summary_large_image","twitter_site":"@websenwordpress","twitter_misc":{"Tiempo de lectura":"8 minutos"},"schema":{"@context":"https:\/\/schema.org","@graph":[{"@type":"WebPage","@id":"https:\/\/websenwordpress.cat\/es\/aviso-legal\/","url":"https:\/\/websenwordpress.cat\/es\/aviso-legal\/","name":"Aviso legal - Webs en WordPress","isPartOf":{"@id":"https:\/\/websenwordpress.cat\/es\/#website"},"datePublished":"2024-03-26T16:38:05+00:00","dateModified":"2025-05-27T23:30:19+00:00","breadcrumb":{"@id":"https:\/\/websenwordpress.cat\/es\/aviso-legal\/#breadcrumb"},"inLanguage":"es","potentialAction":[{"@type":"ReadAction","target":["https:\/\/websenwordpress.cat\/es\/aviso-legal\/"]}]},{"@type":"BreadcrumbList","@id":"https:\/\/websenwordpress.cat\/es\/aviso-legal\/#breadcrumb","itemListElement":[{"@type":"ListItem","position":1,"name":"Inici","item":"https:\/\/websenwordpress.cat\/es\/"},{"@type":"ListItem","position":2,"name":"Aviso legal"}]},{"@type":"WebSite","@id":"https:\/\/websenwordpress.cat\/es\/#website","url":"https:\/\/websenwordpress.cat\/es\/","name":"webs en wordpres","description":"","publisher":{"@id":"https:\/\/websenwordpress.cat\/es\/#organization"},"potentialAction":[{"@type":"SearchAction","target":{"@type":"EntryPoint","urlTemplate":"https:\/\/websenwordpress.cat\/es\/?s={search_term_string}"},"query-input":{"@type":"PropertyValueSpecification","valueRequired":true,"valueName":"search_term_string"}}],"inLanguage":"es"},{"@type":"Organization","@id":"https:\/\/websenwordpress.cat\/es\/#organization","name":"webs en wordpress","url":"https:\/\/websenwordpress.cat\/es\/","logo":{"@type":"ImageObject","inLanguage":"es","@id":"https:\/\/websenwordpress.cat\/es\/#\/schema\/logo\/image\/","url":"https:\/\/websenwordpress.cat\/wp-content\/uploads\/2024\/03\/LOGO-WWP-2024-color-real.png","contentUrl":"https:\/\/websenwordpress.cat\/wp-content\/uploads\/2024\/03\/LOGO-WWP-2024-color-real.png","width":629,"height":208,"caption":"webs en wordpress"},"image":{"@id":"https:\/\/websenwordpress.cat\/es\/#\/schema\/logo\/image\/"},"sameAs":["https:\/\/x.com\/websenwordpress","https:\/\/www.instagram.com\/websenwordpress\/"]}]}},"_links":{"self":[{"href":"https:\/\/websenwordpress.cat\/es\/wp-json\/wp\/v2\/pages\/531","targetHints":{"allow":["GET"]}}],"collection":[{"href":"https:\/\/websenwordpress.cat\/es\/wp-json\/wp\/v2\/pages"}],"about":[{"href":"https:\/\/websenwordpress.cat\/es\/wp-json\/wp\/v2\/types\/page"}],"author":[{"embeddable":true,"href":"https:\/\/websenwordpress.cat\/es\/wp-json\/wp\/v2\/users\/1"}],"replies":[{"embeddable":true,"href":"https:\/\/websenwordpress.cat\/es\/wp-json\/wp\/v2\/comments?post=531"}],"version-history":[{"count":4,"href":"https:\/\/websenwordpress.cat\/es\/wp-json\/wp\/v2\/pages\/531\/revisions"}],"predecessor-version":[{"id":535,"href":"https:\/\/websenwordpress.cat\/es\/wp-json\/wp\/v2\/pages\/531\/revisions\/535"}],"wp:attachment":[{"href":"https:\/\/websenwordpress.cat\/es\/wp-json\/wp\/v2\/media?parent=531"}],"curies":[{"name":"wp","href":"https:\/\/api.w.org\/{rel}","templated":true}]}}