{"id":865,"date":"2024-03-29T16:18:43","date_gmt":"2024-03-29T14:18:43","guid":{"rendered":"https:\/\/websenwordpress.cat\/?page_id=865"},"modified":"2025-10-16T21:03:19","modified_gmt":"2025-10-16T19:03:19","slug":"formulario-servicio","status":"publish","type":"page","link":"https:\/\/websenwordpress.cat\/es\/formulario-servicio\/","title":{"rendered":"Formulario servicio"},"content":{"rendered":"\t\t<div data-elementor-type=\"wp-page\" data-elementor-id=\"865\" class=\"elementor elementor-865 elementor-665\" data-elementor-post-type=\"page\">\n\t\t\t\t\t\t<section class=\"elementor-section elementor-top-section elementor-element elementor-element-e32fbc4 elementor-section-boxed elementor-section-height-default elementor-section-height-default\" data-id=\"e32fbc4\" data-element_type=\"section\" data-e-type=\"section\">\n\t\t\t\t\t\t<div class=\"elementor-container elementor-column-gap-default\">\n\t\t\t\t\t<div class=\"elementor-column elementor-col-100 elementor-top-column elementor-element elementor-element-21d571b\" data-id=\"21d571b\" data-element_type=\"column\" data-e-type=\"column\">\n\t\t\t<div class=\"elementor-widget-wrap elementor-element-populated\">\n\t\t\t\t\t\t<div class=\"elementor-element elementor-element-1c9779b elementor-invisible elementor-widget elementor-widget-heading\" data-id=\"1c9779b\" data-element_type=\"widget\" data-e-type=\"widget\" data-settings=\"{&quot;_animation&quot;:&quot;fadeInUp&quot;,&quot;_animation_delay&quot;:500}\" data-widget_type=\"heading.default\">\n\t\t\t\t<div class=\"elementor-widget-container\">\n\t\t\t\t\t<h2 class=\"elementor-heading-title elementor-size-default\">Lo que ofrecemos...<\/h2>\t\t\t\t<\/div>\n\t\t\t\t<\/div>\n\t\t\t\t<div class=\"elementor-element elementor-element-2adc555 elementor-widget elementor-widget-text-editor\" data-id=\"2adc555\" data-element_type=\"widget\" data-e-type=\"widget\" data-widget_type=\"text-editor.default\">\n\t\t\t\t<div class=\"elementor-widget-container\">\n\t\t\t\t\t\t\t\t\t<p>Hola, si ya tienes una p\u00e1gina web podemos ayudarte a modernizarla, a cumplir con todos los temas legales como por ejemplo la RGPD, LOPD, que tengas el tema de cookies configurable por el visitante de la web, cosas que si no lo tienes te puede llevar a que te pongan una multa bastante importante. Tambi\u00e9n si tienes una web antigua que no se ve desde dispositivos m\u00f3viles es muy importante que la modernices ya que el 80% de las b\u00fasquedas por internet se realizan desde m\u00f3vil. Si tienes spam que te entra por la web tambi\u00e9n podemos cambiar los formularios por unos con autenticaci\u00f3n smtp y poner filtros para que no te pase, si necesitas que te contacten en directo por la web te podemos poner diferentes chats como el whasapp y d otros. No dejes que tu web se quede anticuada y pierdas posibles clientes, d\u00e9jalo en manos de gente especialista en el tema y piensa que a veces en poca inversi\u00f3n la palabras mejorar notablemente.<\/p>\n<p>Rellena el formulario y hablamos de ello.<\/p>\t\t\t\t\t\t\t\t<\/div>\n\t\t\t\t<\/div>\n\t\t\t\t\t<\/div>\n\t\t<\/div>\n\t\t\t\t\t<\/div>\n\t\t<\/section>\n\t\t\t\t<section class=\"elementor-section elementor-top-section elementor-element elementor-element-6bc3e30 elementor-section-full_width elementor-section-height-default elementor-section-height-default\" data-id=\"6bc3e30\" data-element_type=\"section\" data-e-type=\"section\">\n\t\t\t\t\t\t<div class=\"elementor-container elementor-column-gap-default\">\n\t\t\t\t\t<div class=\"elementor-column elementor-col-50 elementor-top-column elementor-element elementor-element-ff2a44f elementor-invisible\" data-id=\"ff2a44f\" data-element_type=\"column\" data-e-type=\"column\" data-settings=\"{&quot;animation&quot;:&quot;fadeInLeft&quot;}\">\n\t\t\t<div class=\"elementor-widget-wrap elementor-element-populated\">\n\t\t\t\t\t\t<div class=\"elementor-element elementor-element-0e02fd3 elementor-widget elementor-widget-image\" data-id=\"0e02fd3\" data-element_type=\"widget\" data-e-type=\"widget\" data-widget_type=\"image.default\">\n\t\t\t\t<div class=\"elementor-widget-container\">\n\t\t\t\t\t\t\t\t\t\t\t\t\t\t\t<img fetchpriority=\"high\" decoding=\"async\" width=\"1024\" height=\"1024\" src=\"https:\/\/websenwordpress.cat\/wp-content\/uploads\/2024\/03\/2c277d81-777d-420c-bb9c-bc5082779d63.webp\" class=\"attachment-full size-full wp-image-661\" alt=\"\" srcset=\"https:\/\/websenwordpress.cat\/wp-content\/uploads\/2024\/03\/2c277d81-777d-420c-bb9c-bc5082779d63.webp 1024w, https:\/\/websenwordpress.cat\/wp-content\/uploads\/2024\/03\/2c277d81-777d-420c-bb9c-bc5082779d63-300x300.webp 300w, https:\/\/websenwordpress.cat\/wp-content\/uploads\/2024\/03\/2c277d81-777d-420c-bb9c-bc5082779d63-150x150.webp 150w, https:\/\/websenwordpress.cat\/wp-content\/uploads\/2024\/03\/2c277d81-777d-420c-bb9c-bc5082779d63-768x768.webp 768w\" sizes=\"(max-width: 1024px) 100vw, 1024px\" \/>\t\t\t\t\t\t\t\t\t\t\t\t\t\t\t<\/div>\n\t\t\t\t<\/div>\n\t\t\t\t\t<\/div>\n\t\t<\/div>\n\t\t\t\t<div class=\"elementor-column elementor-col-50 elementor-top-column elementor-element elementor-element-4778ff6\" data-id=\"4778ff6\" data-element_type=\"column\" data-e-type=\"column\">\n\t\t\t<div class=\"elementor-widget-wrap elementor-element-populated\">\n\t\t\t\t\t\t<div class=\"elementor-element elementor-element-2830aac elementor-invisible elementor-widget elementor-widget-heading\" data-id=\"2830aac\" data-element_type=\"widget\" data-e-type=\"widget\" data-settings=\"{&quot;_animation&quot;:&quot;fadeInUp&quot;,&quot;_animation_delay&quot;:500}\" data-widget_type=\"heading.default\">\n\t\t\t\t<div class=\"elementor-widget-container\">\n\t\t\t\t\t<h2 class=\"elementor-heading-title elementor-size-default\">Quiero informaci\u00f3n sobre\u2026<\/h2>\t\t\t\t<\/div>\n\t\t\t\t<\/div>\n\t\t\t\t<div class=\"elementor-element elementor-element-c1a8055 elementor-button-align-start elementor-mobile-button-align-center elementor-widget elementor-widget-form\" data-id=\"c1a8055\" data-element_type=\"widget\" data-e-type=\"widget\" data-settings=\"{&quot;step_next_label&quot;:&quot;Siguiente&quot;,&quot;step_previous_label&quot;:&quot;Anterior&quot;,&quot;button_width&quot;:&quot;100&quot;,&quot;step_type&quot;:&quot;number_text&quot;,&quot;step_icon_shape&quot;:&quot;circle&quot;}\" data-widget_type=\"form.default\">\n\t\t\t\t<div class=\"elementor-widget-container\">\n\t\t\t\t\t\t\t<form class=\"elementor-form\" method=\"post\" name=\"Nuevo formulario\" aria-label=\"Nuevo formulario\">\n\t\t\t<input type=\"hidden\" name=\"post_id\" value=\"865\"\/>\n\t\t\t<input type=\"hidden\" name=\"form_id\" value=\"c1a8055\"\/>\n\t\t\t<input type=\"hidden\" name=\"referer_title\" value=\"Formulario servicio - Webs en WordPress\" \/>\n\n\t\t\t\t\t\t\t<input type=\"hidden\" name=\"queried_id\" value=\"865\"\/>\n\t\t\t\n\t\t\t<div class=\"elementor-form-fields-wrapper elementor-labels-\">\n\t\t\t\t\t\t\t\t<div class=\"elementor-field-type-text elementor-field-group elementor-column elementor-field-group-nombre elementor-col-50 elementor-field-required\">\n\t\t\t\t\t\t\t\t\t\t\t\t<label for=\"form-field-nombre\" class=\"elementor-field-label elementor-screen-only\">\n\t\t\t\t\t\t\t\tTu Nombre\t\t\t\t\t\t\t<\/label>\n\t\t\t\t\t\t\t\t\t\t\t\t\t\t<input size=\"1\" type=\"text\" name=\"form_fields[nombre]\" id=\"form-field-nombre\" class=\"elementor-field elementor-size-sm  elementor-field-textual\" placeholder=\"Tu Nombre\" required=\"required\">\n\t\t\t\t\t\t\t\t\t\t\t<\/div>\n\t\t\t\t\t\t\t\t<div class=\"elementor-field-type-text elementor-field-group elementor-column elementor-field-group-field_36126aa elementor-col-50 elementor-field-required\">\n\t\t\t\t\t\t\t\t\t\t\t\t<label for=\"form-field-field_36126aa\" class=\"elementor-field-label elementor-screen-only\">\n\t\t\t\t\t\t\t\tTus apellidos\t\t\t\t\t\t\t<\/label>\n\t\t\t\t\t\t\t\t\t\t\t\t\t\t<input size=\"1\" type=\"text\" name=\"form_fields[field_36126aa]\" id=\"form-field-field_36126aa\" class=\"elementor-field elementor-size-sm  elementor-field-textual\" placeholder=\"Tus apellidos\" required=\"required\">\n\t\t\t\t\t\t\t\t\t\t\t<\/div>\n\t\t\t\t\t\t\t\t<div class=\"elementor-field-type-email elementor-field-group elementor-column elementor-field-group-field_cb7b622 elementor-col-100 elementor-field-required\">\n\t\t\t\t\t\t\t\t\t\t\t\t<label for=\"form-field-field_cb7b622\" class=\"elementor-field-label elementor-screen-only\">\n\t\t\t\t\t\t\t\tEmail\t\t\t\t\t\t\t<\/label>\n\t\t\t\t\t\t\t\t\t\t\t\t\t\t<input size=\"1\" type=\"email\" name=\"form_fields[field_cb7b622]\" id=\"form-field-field_cb7b622\" class=\"elementor-field elementor-size-sm  elementor-field-textual\" placeholder=\"El teu e-mail\" required=\"required\">\n\t\t\t\t\t\t\t\t\t\t\t<\/div>\n\t\t\t\t\t\t\t\t<div class=\"elementor-field-type-select elementor-field-group elementor-column elementor-field-group-field_d4e1e9b elementor-col-100 elementor-field-required\">\n\t\t\t\t\t\t\t\t\t\t\t\t<label for=\"form-field-field_d4e1e9b\" class=\"elementor-field-label elementor-screen-only\">\n\t\t\t\t\t\t\t\tQuiero informaci\u00f3n sobre\u2026\t\t\t\t\t\t\t<\/label>\n\t\t\t\t\t\t\t\t<div class=\"elementor-field elementor-select-wrapper remove-before \">\n\t\t\t<div class=\"select-caret-down-wrapper\">\n\t\t\t\t<svg aria-hidden=\"true\" class=\"e-font-icon-svg e-eicon-caret-down\" viewBox=\"0 0 571.4 571.4\" xmlns=\"http:\/\/www.w3.org\/2000\/svg\"><path d=\"M571 393Q571 407 561 418L311 668Q300 679 286 679T261 668L11 418Q0 407 0 393T11 368 36 357H536Q550 357 561 368T571 393Z\"><\/path><\/svg>\t\t\t<\/div>\n\t\t\t<select name=\"form_fields[field_d4e1e9b]\" id=\"form-field-field_d4e1e9b\" class=\"elementor-field-textual elementor-size-sm\" required=\"required\">\n\t\t\t\t\t\t\t\t\t<option value=\"...hacer mantenimiento de mi web\">...hacer mantenimiento de mi web<\/option>\n\t\t\t\t\t\t\t\t\t<option value=\"...hacer una web en WordPress\">...hacer una web en WordPress<\/option>\n\t\t\t\t\t\t\t\t\t<option value=\"...mejorar mi web\">...mejorar mi web<\/option>\n\t\t\t\t\t\t\t<\/select>\n\t\t<\/div>\n\t\t\t\t\t\t<\/div>\n\t\t\t\t\t\t\t\t<div class=\"elementor-field-type-text elementor-field-group elementor-column elementor-field-group-field_4fbf9bc elementor-col-100 elementor-field-required\">\n\t\t\t\t\t\t\t\t\t\t\t\t<label for=\"form-field-field_4fbf9bc\" class=\"elementor-field-label elementor-screen-only\">\n\t\t\t\t\t\t\t\tAsunto\t\t\t\t\t\t\t<\/label>\n\t\t\t\t\t\t\t\t\t\t\t\t\t\t<input size=\"1\" type=\"text\" name=\"form_fields[field_4fbf9bc]\" id=\"form-field-field_4fbf9bc\" class=\"elementor-field elementor-size-sm  elementor-field-textual\" placeholder=\"Asunto\" required=\"required\">\n\t\t\t\t\t\t\t\t\t\t\t<\/div>\n\t\t\t\t\t\t\t\t<div class=\"elementor-field-type-textarea elementor-field-group elementor-column elementor-field-group-field_7aa19e4 elementor-col-100 elementor-field-required\">\n\t\t\t\t\t\t\t\t\t\t\t\t<label for=\"form-field-field_7aa19e4\" class=\"elementor-field-label elementor-screen-only\">\n\t\t\t\t\t\t\t\tComentarios\t\t\t\t\t\t\t<\/label>\n\t\t\t\t\t\t<textarea class=\"elementor-field-textual elementor-field  elementor-size-sm\" name=\"form_fields[field_7aa19e4]\" id=\"form-field-field_7aa19e4\" rows=\"4\" placeholder=\"Comentarios\" required=\"required\"><\/textarea>\t\t\t\t<\/div>\n\t\t\t\t\t\t\t\t<div class=\"elementor-field-type-acceptance elementor-field-group elementor-column elementor-field-group-field_70076d7 elementor-col-100 elementor-field-required\">\n\t\t\t\t\t\t\t<div class=\"elementor-field-subgroup\">\n\t\t\t<span class=\"elementor-field-option\">\n\t\t\t\t<input type=\"checkbox\" name=\"form_fields[field_70076d7]\" id=\"form-field-field_70076d7\" class=\"elementor-field elementor-size-sm  elementor-acceptance-field\" required=\"required\">\n\t\t\t\t<label for=\"form-field-field_70076d7\">He le\u00eddo el Aviso Legal y acepto <a href=\"https:\/\/websenwordpress.cat\/es\/politica-de-privacidad\/\" target=\"_blank\">la Pol\u00edtica de Privacidad<\/a>.*<\/label>\t\t\t<\/span>\n\t\t<\/div>\n\t\t\t\t\t\t<\/div>\n\t\t\t\t\t\t\t\t<div class=\"elementor-field-type-recaptcha_v3 elementor-field-group elementor-column elementor-field-group-field_3848b20 elementor-col-100 recaptcha_v3-inline\">\n\t\t\t\t\t<div class=\"elementor-field\" id=\"form-field-field_3848b20\"><div class=\"elementor-g-recaptcha\" data-sitekey=\"6LdvMrsfAAAAAA4soATGhtV-IWNi4ywwTVfEJzGS\" data-type=\"v3\" data-action=\"Form\" data-badge=\"inline\" data-size=\"invisible\"><\/div><\/div>\t\t\t\t<\/div>\n\t\t\t\t\t\t\t\t<div class=\"elementor-field-group elementor-column elementor-field-type-submit elementor-col-100 e-form__buttons\">\n\t\t\t\t\t<button class=\"elementor-button elementor-size-sm\" type=\"submit\">\n\t\t\t\t\t\t<span class=\"elementor-button-content-wrapper\">\n\t\t\t\t\t\t\t\t\t\t\t\t\t\t\t\t\t\t\t\t\t\t<span class=\"elementor-button-text\">Enviar<\/span>\n\t\t\t\t\t\t\t\t\t\t\t\t\t<\/span>\n\t\t\t\t\t<\/button>\n\t\t\t\t<\/div>\n\t\t\t<\/div>\n\t\t<\/form>\n\t\t\t\t\t\t<\/div>\n\t\t\t\t<\/div>\n\t\t\t\t\t<\/div>\n\t\t<\/div>\n\t\t\t\t\t<\/div>\n\t\t<\/section>\n\t\t\t\t<\/div>\n\t\t","protected":false},"excerpt":{"rendered":"<p>Lo que ofrecemos&#8230; Hola, si ya tienes una p\u00e1gina web podemos ayudarte a modernizarla, a cumplir con todos los temas [&hellip;]<\/p>\n","protected":false},"author":1,"featured_media":0,"parent":0,"menu_order":0,"comment_status":"closed","ping_status":"closed","template":"elementor_header_footer","meta":{"_acf_changed":false,"site-sidebar-layout":"no-sidebar","site-content-layout":"","ast-site-content-layout":"full-width-container","site-content-style":"default","site-sidebar-style":"default","ast-global-header-display":"","ast-banner-title-visibility":"","ast-main-header-display":"","ast-hfb-above-header-display":"","ast-hfb-below-header-display":"","ast-hfb-mobile-header-display":"","site-post-title":"disabled","ast-breadcrumbs-content":"","ast-featured-img":"disabled","footer-sml-layout":"","ast-disable-related-posts":"","theme-transparent-header-meta":"default","adv-header-id-meta":"","stick-header-meta":"","header-above-stick-meta":"","header-main-stick-meta":"","header-below-stick-meta":"","astra-migrate-meta-layouts":"set","ast-page-background-enabled":"default","ast-page-background-meta":{"desktop":{"background-color":"var(--ast-global-color-4)","background-image":"","background-repeat":"repeat","background-position":"center center","background-size":"auto","background-attachment":"scroll","background-type":"","background-media":"","overlay-type":"","overlay-color":"","overlay-opacity":"","overlay-gradient":""},"tablet":{"background-color":"","background-image":"","background-repeat":"repeat","background-position":"center center","background-size":"auto","background-attachment":"scroll","background-type":"","background-media":"","overlay-type":"","overlay-color":"","overlay-opacity":"","overlay-gradient":""},"mobile":{"background-color":"","background-image":"","background-repeat":"repeat","background-position":"center center","background-size":"auto","background-attachment":"scroll","background-type":"","background-media":"","overlay-type":"","overlay-color":"","overlay-opacity":"","overlay-gradient":""}},"ast-content-background-meta":{"desktop":{"background-color":"var(--ast-global-color-5)","background-image":"","background-repeat":"repeat","background-position":"center center","background-size":"auto","background-attachment":"scroll","background-type":"","background-media":"","overlay-type":"","overlay-color":"","overlay-opacity":"","overlay-gradient":""},"tablet":{"background-color":"var(--ast-global-color-5)","background-image":"","background-repeat":"repeat","background-position":"center center","background-size":"auto","background-attachment":"scroll","background-type":"","background-media":"","overlay-type":"","overlay-color":"","overlay-opacity":"","overlay-gradient":""},"mobile":{"background-color":"var(--ast-global-color-5)","background-image":"","background-repeat":"repeat","background-position":"center center","background-size":"auto","background-attachment":"scroll","background-type":"","background-media":"","overlay-type":"","overlay-color":"","overlay-opacity":"","overlay-gradient":""}},"footnotes":""},"class_list":["post-865","page","type-page","status-publish","hentry"],"acf":[],"yoast_head":"<!-- This site is optimized with the Yoast SEO plugin v27.5 - https:\/\/yoast.com\/product\/yoast-seo-wordpress\/ -->\n<title>Formulario servicio - Webs en WordPress<\/title>\n<meta name=\"robots\" content=\"index, follow, max-snippet:-1, max-image-preview:large, max-video-preview:-1\" \/>\n<link rel=\"canonical\" href=\"https:\/\/websenwordpress.cat\/es\/formulario-servicio\/\" \/>\n<meta property=\"og:locale\" content=\"es_ES\" \/>\n<meta property=\"og:type\" content=\"article\" \/>\n<meta property=\"og:title\" content=\"Formulario servicio - Webs en WordPress\" \/>\n<meta property=\"og:description\" content=\"Lo que ofrecemos&#8230; Hola, si ya tienes una p\u00e1gina web podemos ayudarte a modernizarla, a cumplir con todos los temas [&hellip;]\" \/>\n<meta property=\"og:url\" content=\"https:\/\/websenwordpress.cat\/es\/formulario-servicio\/\" \/>\n<meta property=\"og:site_name\" content=\"Webs en WordPress\" \/>\n<meta property=\"article:modified_time\" content=\"2025-10-16T19:03:19+00:00\" \/>\n<meta property=\"og:image\" content=\"https:\/\/websenwordpress.cat\/wp-content\/uploads\/2024\/03\/2c277d81-777d-420c-bb9c-bc5082779d63.webp\" \/>\n<meta name=\"twitter:card\" content=\"summary_large_image\" \/>\n<meta name=\"twitter:site\" content=\"@websenwordpress\" \/>\n<meta name=\"twitter:label1\" content=\"Tiempo de lectura\" \/>\n\t<meta name=\"twitter:data1\" content=\"1 minuto\" \/>\n<script type=\"application\/ld+json\" class=\"yoast-schema-graph\">{\"@context\":\"https:\\\/\\\/schema.org\",\"@graph\":[{\"@type\":\"WebPage\",\"@id\":\"https:\\\/\\\/websenwordpress.cat\\\/es\\\/formulario-servicio\\\/\",\"url\":\"https:\\\/\\\/websenwordpress.cat\\\/es\\\/formulario-servicio\\\/\",\"name\":\"Formulario servicio - Webs en WordPress\",\"isPartOf\":{\"@id\":\"https:\\\/\\\/websenwordpress.cat\\\/es\\\/#website\"},\"primaryImageOfPage\":{\"@id\":\"https:\\\/\\\/websenwordpress.cat\\\/es\\\/formulario-servicio\\\/#primaryimage\"},\"image\":{\"@id\":\"https:\\\/\\\/websenwordpress.cat\\\/es\\\/formulario-servicio\\\/#primaryimage\"},\"thumbnailUrl\":\"https:\\\/\\\/websenwordpress.cat\\\/wp-content\\\/uploads\\\/2024\\\/03\\\/2c277d81-777d-420c-bb9c-bc5082779d63.webp\",\"datePublished\":\"2024-03-29T14:18:43+00:00\",\"dateModified\":\"2025-10-16T19:03:19+00:00\",\"breadcrumb\":{\"@id\":\"https:\\\/\\\/websenwordpress.cat\\\/es\\\/formulario-servicio\\\/#breadcrumb\"},\"inLanguage\":\"es\",\"potentialAction\":[{\"@type\":\"ReadAction\",\"target\":[\"https:\\\/\\\/websenwordpress.cat\\\/es\\\/formulario-servicio\\\/\"]}]},{\"@type\":\"ImageObject\",\"inLanguage\":\"es\",\"@id\":\"https:\\\/\\\/websenwordpress.cat\\\/es\\\/formulario-servicio\\\/#primaryimage\",\"url\":\"https:\\\/\\\/websenwordpress.cat\\\/wp-content\\\/uploads\\\/2024\\\/03\\\/2c277d81-777d-420c-bb9c-bc5082779d63.webp\",\"contentUrl\":\"https:\\\/\\\/websenwordpress.cat\\\/wp-content\\\/uploads\\\/2024\\\/03\\\/2c277d81-777d-420c-bb9c-bc5082779d63.webp\"},{\"@type\":\"BreadcrumbList\",\"@id\":\"https:\\\/\\\/websenwordpress.cat\\\/es\\\/formulario-servicio\\\/#breadcrumb\",\"itemListElement\":[{\"@type\":\"ListItem\",\"position\":1,\"name\":\"Inici\",\"item\":\"https:\\\/\\\/websenwordpress.cat\\\/es\\\/\"},{\"@type\":\"ListItem\",\"position\":2,\"name\":\"Formulario servicio\"}]},{\"@type\":\"WebSite\",\"@id\":\"https:\\\/\\\/websenwordpress.cat\\\/es\\\/#website\",\"url\":\"https:\\\/\\\/websenwordpress.cat\\\/es\\\/\",\"name\":\"webs en wordpres\",\"description\":\"\",\"publisher\":{\"@id\":\"https:\\\/\\\/websenwordpress.cat\\\/es\\\/#organization\"},\"potentialAction\":[{\"@type\":\"SearchAction\",\"target\":{\"@type\":\"EntryPoint\",\"urlTemplate\":\"https:\\\/\\\/websenwordpress.cat\\\/es\\\/?s={search_term_string}\"},\"query-input\":{\"@type\":\"PropertyValueSpecification\",\"valueRequired\":true,\"valueName\":\"search_term_string\"}}],\"inLanguage\":\"es\"},{\"@type\":\"Organization\",\"@id\":\"https:\\\/\\\/websenwordpress.cat\\\/es\\\/#organization\",\"name\":\"webs en wordpress\",\"url\":\"https:\\\/\\\/websenwordpress.cat\\\/es\\\/\",\"logo\":{\"@type\":\"ImageObject\",\"inLanguage\":\"es\",\"@id\":\"https:\\\/\\\/websenwordpress.cat\\\/es\\\/#\\\/schema\\\/logo\\\/image\\\/\",\"url\":\"https:\\\/\\\/websenwordpress.cat\\\/wp-content\\\/uploads\\\/2024\\\/03\\\/LOGO-WWP-2024-color-real.png\",\"contentUrl\":\"https:\\\/\\\/websenwordpress.cat\\\/wp-content\\\/uploads\\\/2024\\\/03\\\/LOGO-WWP-2024-color-real.png\",\"width\":629,\"height\":208,\"caption\":\"webs en wordpress\"},\"image\":{\"@id\":\"https:\\\/\\\/websenwordpress.cat\\\/es\\\/#\\\/schema\\\/logo\\\/image\\\/\"},\"sameAs\":[\"https:\\\/\\\/x.com\\\/websenwordpress\",\"https:\\\/\\\/www.instagram.com\\\/websenwordpress\\\/\"]}]}<\/script>\n<!-- \/ Yoast SEO plugin. -->","yoast_head_json":{"title":"Formulario servicio - Webs en WordPress","robots":{"index":"index","follow":"follow","max-snippet":"max-snippet:-1","max-image-preview":"max-image-preview:large","max-video-preview":"max-video-preview:-1"},"canonical":"https:\/\/websenwordpress.cat\/es\/formulario-servicio\/","og_locale":"es_ES","og_type":"article","og_title":"Formulario servicio - Webs en WordPress","og_description":"Lo que ofrecemos&#8230; Hola, si ya tienes una p\u00e1gina web podemos ayudarte a modernizarla, a cumplir con todos los temas [&hellip;]","og_url":"https:\/\/websenwordpress.cat\/es\/formulario-servicio\/","og_site_name":"Webs en WordPress","article_modified_time":"2025-10-16T19:03:19+00:00","og_image":[{"url":"https:\/\/websenwordpress.cat\/wp-content\/uploads\/2024\/03\/2c277d81-777d-420c-bb9c-bc5082779d63.webp","type":"","width":"","height":""}],"twitter_card":"summary_large_image","twitter_site":"@websenwordpress","twitter_misc":{"Tiempo de lectura":"1 minuto"},"schema":{"@context":"https:\/\/schema.org","@graph":[{"@type":"WebPage","@id":"https:\/\/websenwordpress.cat\/es\/formulario-servicio\/","url":"https:\/\/websenwordpress.cat\/es\/formulario-servicio\/","name":"Formulario servicio - Webs en WordPress","isPartOf":{"@id":"https:\/\/websenwordpress.cat\/es\/#website"},"primaryImageOfPage":{"@id":"https:\/\/websenwordpress.cat\/es\/formulario-servicio\/#primaryimage"},"image":{"@id":"https:\/\/websenwordpress.cat\/es\/formulario-servicio\/#primaryimage"},"thumbnailUrl":"https:\/\/websenwordpress.cat\/wp-content\/uploads\/2024\/03\/2c277d81-777d-420c-bb9c-bc5082779d63.webp","datePublished":"2024-03-29T14:18:43+00:00","dateModified":"2025-10-16T19:03:19+00:00","breadcrumb":{"@id":"https:\/\/websenwordpress.cat\/es\/formulario-servicio\/#breadcrumb"},"inLanguage":"es","potentialAction":[{"@type":"ReadAction","target":["https:\/\/websenwordpress.cat\/es\/formulario-servicio\/"]}]},{"@type":"ImageObject","inLanguage":"es","@id":"https:\/\/websenwordpress.cat\/es\/formulario-servicio\/#primaryimage","url":"https:\/\/websenwordpress.cat\/wp-content\/uploads\/2024\/03\/2c277d81-777d-420c-bb9c-bc5082779d63.webp","contentUrl":"https:\/\/websenwordpress.cat\/wp-content\/uploads\/2024\/03\/2c277d81-777d-420c-bb9c-bc5082779d63.webp"},{"@type":"BreadcrumbList","@id":"https:\/\/websenwordpress.cat\/es\/formulario-servicio\/#breadcrumb","itemListElement":[{"@type":"ListItem","position":1,"name":"Inici","item":"https:\/\/websenwordpress.cat\/es\/"},{"@type":"ListItem","position":2,"name":"Formulario servicio"}]},{"@type":"WebSite","@id":"https:\/\/websenwordpress.cat\/es\/#website","url":"https:\/\/websenwordpress.cat\/es\/","name":"webs en wordpres","description":"","publisher":{"@id":"https:\/\/websenwordpress.cat\/es\/#organization"},"potentialAction":[{"@type":"SearchAction","target":{"@type":"EntryPoint","urlTemplate":"https:\/\/websenwordpress.cat\/es\/?s={search_term_string}"},"query-input":{"@type":"PropertyValueSpecification","valueRequired":true,"valueName":"search_term_string"}}],"inLanguage":"es"},{"@type":"Organization","@id":"https:\/\/websenwordpress.cat\/es\/#organization","name":"webs en wordpress","url":"https:\/\/websenwordpress.cat\/es\/","logo":{"@type":"ImageObject","inLanguage":"es","@id":"https:\/\/websenwordpress.cat\/es\/#\/schema\/logo\/image\/","url":"https:\/\/websenwordpress.cat\/wp-content\/uploads\/2024\/03\/LOGO-WWP-2024-color-real.png","contentUrl":"https:\/\/websenwordpress.cat\/wp-content\/uploads\/2024\/03\/LOGO-WWP-2024-color-real.png","width":629,"height":208,"caption":"webs en wordpress"},"image":{"@id":"https:\/\/websenwordpress.cat\/es\/#\/schema\/logo\/image\/"},"sameAs":["https:\/\/x.com\/websenwordpress","https:\/\/www.instagram.com\/websenwordpress\/"]}]}},"_links":{"self":[{"href":"https:\/\/websenwordpress.cat\/es\/wp-json\/wp\/v2\/pages\/865","targetHints":{"allow":["GET"]}}],"collection":[{"href":"https:\/\/websenwordpress.cat\/es\/wp-json\/wp\/v2\/pages"}],"about":[{"href":"https:\/\/websenwordpress.cat\/es\/wp-json\/wp\/v2\/types\/page"}],"author":[{"embeddable":true,"href":"https:\/\/websenwordpress.cat\/es\/wp-json\/wp\/v2\/users\/1"}],"replies":[{"embeddable":true,"href":"https:\/\/websenwordpress.cat\/es\/wp-json\/wp\/v2\/comments?post=865"}],"version-history":[{"count":28,"href":"https:\/\/websenwordpress.cat\/es\/wp-json\/wp\/v2\/pages\/865\/revisions"}],"predecessor-version":[{"id":1673,"href":"https:\/\/websenwordpress.cat\/es\/wp-json\/wp\/v2\/pages\/865\/revisions\/1673"}],"wp:attachment":[{"href":"https:\/\/websenwordpress.cat\/es\/wp-json\/wp\/v2\/media?parent=865"}],"curies":[{"name":"wp","href":"https:\/\/api.w.org\/{rel}","templated":true}]}}