{"id":870,"date":"2024-03-29T17:30:11","date_gmt":"2024-03-29T17:30:11","guid":{"rendered":"https:\/\/websenwordpress.cat\/?page_id=870"},"modified":"2025-05-27T23:30:20","modified_gmt":"2025-05-27T23:30:20","slug":"condiciones-generales-del-producto-paquetweb","status":"publish","type":"page","link":"https:\/\/websenwordpress.cat\/es\/condiciones-generales-del-producto-paquetweb\/","title":{"rendered":"Condiciones generales del producto PAQUETWEB"},"content":{"rendered":"\t\t<div data-elementor-type=\"wp-page\" data-elementor-id=\"870\" class=\"elementor elementor-870 elementor-721\" data-elementor-post-type=\"page\">\n\t\t\t\t\t\t<section class=\"elementor-section elementor-top-section elementor-element elementor-element-fe4be19 elementor-section-boxed elementor-section-height-default elementor-section-height-default\" data-id=\"fe4be19\" data-element_type=\"section\" data-e-type=\"section\">\n\t\t\t\t\t\t<div class=\"elementor-container elementor-column-gap-default\">\n\t\t\t\t\t<div class=\"elementor-column elementor-col-100 elementor-top-column elementor-element elementor-element-61b80bc\" data-id=\"61b80bc\" data-element_type=\"column\" data-e-type=\"column\">\n\t\t\t<div class=\"elementor-widget-wrap elementor-element-populated\">\n\t\t\t\t\t\t<div class=\"elementor-element elementor-element-8097023 elementor-widget elementor-widget-heading\" data-id=\"8097023\" data-element_type=\"widget\" data-e-type=\"widget\" data-widget_type=\"heading.default\">\n\t\t\t\t<div class=\"elementor-widget-container\">\n\t\t\t\t\t<h2 class=\"elementor-heading-title elementor-size-default\">Condiciones generales del producto PAQUETWEB:<\/h2>\t\t\t\t<\/div>\n\t\t\t\t<\/div>\n\t\t\t\t\t<\/div>\n\t\t<\/div>\n\t\t\t\t\t<\/div>\n\t\t<\/section>\n\t\t\t\t<section class=\"elementor-section elementor-top-section elementor-element elementor-element-5ad3e43 elementor-section-boxed elementor-section-height-default elementor-section-height-default\" data-id=\"5ad3e43\" data-element_type=\"section\" data-e-type=\"section\">\n\t\t\t\t\t\t<div class=\"elementor-container elementor-column-gap-default\">\n\t\t\t\t\t<div class=\"elementor-column elementor-col-100 elementor-top-column elementor-element elementor-element-842afd4\" data-id=\"842afd4\" data-element_type=\"column\" data-e-type=\"column\">\n\t\t\t<div class=\"elementor-widget-wrap elementor-element-populated\">\n\t\t\t\t\t\t<div class=\"elementor-element elementor-element-49d49a8 elementor-widget elementor-widget-text-editor\" data-id=\"49d49a8\" data-element_type=\"widget\" data-e-type=\"widget\" data-widget_type=\"text-editor.default\">\n\t\t\t\t<div class=\"elementor-widget-container\">\n\t\t\t\t\t\t\t\t\t<p>La p\u00e1gina web y todo el contenido del <strong>PAQUETWEB<\/strong> (textos, fotos, logos, etc.) quedar\u00e1n en propiedad de Grup Internovatec, S.L. aunque alguno de ellos les haya proporcionado el cliente y no se podr\u00e1 trasladar, exportar, copiar ni llevar a otro sitio bajo ning\u00fan concepto. En caso de vulneraci\u00f3n de esta norma se denunciar\u00e1 a los tribunales por Copyright de derechos de Autor.<\/p><p>El cliente no tendr\u00e1 acceso al alojamiento ni al wp-admin de la web, cualquier cosa que se necesite deber\u00e1 pedirlo por correo a info@websenwordpress.cat<\/p><p>Hay un primer pago de 50 \u20ac en concepto de alta y configuraci\u00f3n y los primeros 39 \u20ac de la primera cuota en la firma del contrato en pago bancario domiciliado al cliente, las siguientes cuotas se girar\u00e1n a final de cada mes hasta que el cliente diga que no quiere continuar, enviando un correo a info@websenwordpress.cat En caso de devoluci\u00f3n de alguna cuota se cortar\u00e1 el servicio de web y correos hasta que se haya realizado el ingreso devuelto a\u00f1adiendo los gastos de devoluci\u00f3n + 25 \u20ac de tr\u00e1mites de volver a activar los servicios.<\/p>\t\t\t\t\t\t\t\t<\/div>\n\t\t\t\t<\/div>\n\t\t\t\t\t<\/div>\n\t\t<\/div>\n\t\t\t\t\t<\/div>\n\t\t<\/section>\n\t\t\t\t<\/div>\n\t\t","protected":false},"excerpt":{"rendered":"<p>Condiciones generales del producto PAQUETWEB: La p\u00e1gina web y todo el contenido del PAQUETWEB (textos, fotos, logos, etc.) quedar\u00e1n en [&hellip;]<\/p>\n","protected":false},"author":1,"featured_media":0,"parent":0,"menu_order":0,"comment_status":"closed","ping_status":"closed","template":"elementor_header_footer","meta":{"_acf_changed":false,"site-sidebar-layout":"no-sidebar","site-content-layout":"","ast-site-content-layout":"full-width-container","site-content-style":"default","site-sidebar-style":"default","ast-global-header-display":"","ast-banner-title-visibility":"","ast-main-header-display":"","ast-hfb-above-header-display":"","ast-hfb-below-header-display":"","ast-hfb-mobile-header-display":"","site-post-title":"disabled","ast-breadcrumbs-content":"","ast-featured-img":"disabled","footer-sml-layout":"","ast-disable-related-posts":"","theme-transparent-header-meta":"default","adv-header-id-meta":"","stick-header-meta":"","header-above-stick-meta":"","header-main-stick-meta":"","header-below-stick-meta":"","astra-migrate-meta-layouts":"set","ast-page-background-enabled":"default","ast-page-background-meta":{"desktop":{"background-color":"var(--ast-global-color-4)","background-image":"","background-repeat":"repeat","background-position":"center center","background-size":"auto","background-attachment":"scroll","background-type":"","background-media":"","overlay-type":"","overlay-color":"","overlay-opacity":"","overlay-gradient":""},"tablet":{"background-color":"","background-image":"","background-repeat":"repeat","background-position":"center center","background-size":"auto","background-attachment":"scroll","background-type":"","background-media":"","overlay-type":"","overlay-color":"","overlay-opacity":"","overlay-gradient":""},"mobile":{"background-color":"","background-image":"","background-repeat":"repeat","background-position":"center center","background-size":"auto","background-attachment":"scroll","background-type":"","background-media":"","overlay-type":"","overlay-color":"","overlay-opacity":"","overlay-gradient":""}},"ast-content-background-meta":{"desktop":{"background-color":"var(--ast-global-color-5)","background-image":"","background-repeat":"repeat","background-position":"center center","background-size":"auto","background-attachment":"scroll","background-type":"","background-media":"","overlay-type":"","overlay-color":"","overlay-opacity":"","overlay-gradient":""},"tablet":{"background-color":"var(--ast-global-color-5)","background-image":"","background-repeat":"repeat","background-position":"center center","background-size":"auto","background-attachment":"scroll","background-type":"","background-media":"","overlay-type":"","overlay-color":"","overlay-opacity":"","overlay-gradient":""},"mobile":{"background-color":"var(--ast-global-color-5)","background-image":"","background-repeat":"repeat","background-position":"center center","background-size":"auto","background-attachment":"scroll","background-type":"","background-media":"","overlay-type":"","overlay-color":"","overlay-opacity":"","overlay-gradient":""}},"footnotes":""},"class_list":["post-870","page","type-page","status-publish","hentry"],"acf":[],"yoast_head":"<!-- This site is optimized with the Yoast SEO plugin v27.5 - https:\/\/yoast.com\/product\/yoast-seo-wordpress\/ -->\n<title>Condiciones generales del producto PAQUETWEB - Webs en WordPress<\/title>\n<meta name=\"robots\" content=\"index, follow, max-snippet:-1, max-image-preview:large, max-video-preview:-1\" \/>\n<link rel=\"canonical\" href=\"https:\/\/websenwordpress.cat\/es\/condiciones-generales-del-producto-paquetweb\/\" \/>\n<meta property=\"og:locale\" content=\"es_ES\" \/>\n<meta property=\"og:type\" content=\"article\" \/>\n<meta property=\"og:title\" content=\"Condiciones generales del producto PAQUETWEB - Webs en WordPress\" \/>\n<meta property=\"og:description\" content=\"Condiciones generales del producto PAQUETWEB: La p\u00e1gina web y todo el contenido del PAQUETWEB (textos, fotos, logos, etc.) quedar\u00e1n en [&hellip;]\" \/>\n<meta property=\"og:url\" content=\"https:\/\/websenwordpress.cat\/es\/condiciones-generales-del-producto-paquetweb\/\" \/>\n<meta property=\"og:site_name\" content=\"Webs en WordPress\" \/>\n<meta property=\"article:modified_time\" content=\"2025-05-27T23:30:20+00:00\" \/>\n<meta name=\"twitter:card\" content=\"summary_large_image\" \/>\n<meta name=\"twitter:site\" content=\"@websenwordpress\" \/>\n<meta name=\"twitter:label1\" content=\"Tiempo de lectura\" \/>\n\t<meta name=\"twitter:data1\" content=\"1 minuto\" \/>\n<script type=\"application\/ld+json\" class=\"yoast-schema-graph\">{\"@context\":\"https:\\\/\\\/schema.org\",\"@graph\":[{\"@type\":\"WebPage\",\"@id\":\"https:\\\/\\\/websenwordpress.cat\\\/es\\\/condiciones-generales-del-producto-paquetweb\\\/\",\"url\":\"https:\\\/\\\/websenwordpress.cat\\\/es\\\/condiciones-generales-del-producto-paquetweb\\\/\",\"name\":\"Condiciones generales del producto PAQUETWEB - Webs en WordPress\",\"isPartOf\":{\"@id\":\"https:\\\/\\\/websenwordpress.cat\\\/es\\\/#website\"},\"datePublished\":\"2024-03-29T17:30:11+00:00\",\"dateModified\":\"2025-05-27T23:30:20+00:00\",\"breadcrumb\":{\"@id\":\"https:\\\/\\\/websenwordpress.cat\\\/es\\\/condiciones-generales-del-producto-paquetweb\\\/#breadcrumb\"},\"inLanguage\":\"es\",\"potentialAction\":[{\"@type\":\"ReadAction\",\"target\":[\"https:\\\/\\\/websenwordpress.cat\\\/es\\\/condiciones-generales-del-producto-paquetweb\\\/\"]}]},{\"@type\":\"BreadcrumbList\",\"@id\":\"https:\\\/\\\/websenwordpress.cat\\\/es\\\/condiciones-generales-del-producto-paquetweb\\\/#breadcrumb\",\"itemListElement\":[{\"@type\":\"ListItem\",\"position\":1,\"name\":\"Inici\",\"item\":\"https:\\\/\\\/websenwordpress.cat\\\/es\\\/\"},{\"@type\":\"ListItem\",\"position\":2,\"name\":\"Condiciones generales del producto PAQUETWEB\"}]},{\"@type\":\"WebSite\",\"@id\":\"https:\\\/\\\/websenwordpress.cat\\\/es\\\/#website\",\"url\":\"https:\\\/\\\/websenwordpress.cat\\\/es\\\/\",\"name\":\"webs en wordpres\",\"description\":\"\",\"publisher\":{\"@id\":\"https:\\\/\\\/websenwordpress.cat\\\/es\\\/#organization\"},\"potentialAction\":[{\"@type\":\"SearchAction\",\"target\":{\"@type\":\"EntryPoint\",\"urlTemplate\":\"https:\\\/\\\/websenwordpress.cat\\\/es\\\/?s={search_term_string}\"},\"query-input\":{\"@type\":\"PropertyValueSpecification\",\"valueRequired\":true,\"valueName\":\"search_term_string\"}}],\"inLanguage\":\"es\"},{\"@type\":\"Organization\",\"@id\":\"https:\\\/\\\/websenwordpress.cat\\\/es\\\/#organization\",\"name\":\"webs en wordpress\",\"url\":\"https:\\\/\\\/websenwordpress.cat\\\/es\\\/\",\"logo\":{\"@type\":\"ImageObject\",\"inLanguage\":\"es\",\"@id\":\"https:\\\/\\\/websenwordpress.cat\\\/es\\\/#\\\/schema\\\/logo\\\/image\\\/\",\"url\":\"https:\\\/\\\/websenwordpress.cat\\\/wp-content\\\/uploads\\\/2024\\\/03\\\/LOGO-WWP-2024-color-real.png\",\"contentUrl\":\"https:\\\/\\\/websenwordpress.cat\\\/wp-content\\\/uploads\\\/2024\\\/03\\\/LOGO-WWP-2024-color-real.png\",\"width\":629,\"height\":208,\"caption\":\"webs en wordpress\"},\"image\":{\"@id\":\"https:\\\/\\\/websenwordpress.cat\\\/es\\\/#\\\/schema\\\/logo\\\/image\\\/\"},\"sameAs\":[\"https:\\\/\\\/x.com\\\/websenwordpress\",\"https:\\\/\\\/www.instagram.com\\\/websenwordpress\\\/\"]}]}<\/script>\n<!-- \/ Yoast SEO plugin. -->","yoast_head_json":{"title":"Condiciones generales del producto PAQUETWEB - Webs en WordPress","robots":{"index":"index","follow":"follow","max-snippet":"max-snippet:-1","max-image-preview":"max-image-preview:large","max-video-preview":"max-video-preview:-1"},"canonical":"https:\/\/websenwordpress.cat\/es\/condiciones-generales-del-producto-paquetweb\/","og_locale":"es_ES","og_type":"article","og_title":"Condiciones generales del producto PAQUETWEB - Webs en WordPress","og_description":"Condiciones generales del producto PAQUETWEB: La p\u00e1gina web y todo el contenido del PAQUETWEB (textos, fotos, logos, etc.) quedar\u00e1n en [&hellip;]","og_url":"https:\/\/websenwordpress.cat\/es\/condiciones-generales-del-producto-paquetweb\/","og_site_name":"Webs en WordPress","article_modified_time":"2025-05-27T23:30:20+00:00","twitter_card":"summary_large_image","twitter_site":"@websenwordpress","twitter_misc":{"Tiempo de lectura":"1 minuto"},"schema":{"@context":"https:\/\/schema.org","@graph":[{"@type":"WebPage","@id":"https:\/\/websenwordpress.cat\/es\/condiciones-generales-del-producto-paquetweb\/","url":"https:\/\/websenwordpress.cat\/es\/condiciones-generales-del-producto-paquetweb\/","name":"Condiciones generales del producto PAQUETWEB - Webs en WordPress","isPartOf":{"@id":"https:\/\/websenwordpress.cat\/es\/#website"},"datePublished":"2024-03-29T17:30:11+00:00","dateModified":"2025-05-27T23:30:20+00:00","breadcrumb":{"@id":"https:\/\/websenwordpress.cat\/es\/condiciones-generales-del-producto-paquetweb\/#breadcrumb"},"inLanguage":"es","potentialAction":[{"@type":"ReadAction","target":["https:\/\/websenwordpress.cat\/es\/condiciones-generales-del-producto-paquetweb\/"]}]},{"@type":"BreadcrumbList","@id":"https:\/\/websenwordpress.cat\/es\/condiciones-generales-del-producto-paquetweb\/#breadcrumb","itemListElement":[{"@type":"ListItem","position":1,"name":"Inici","item":"https:\/\/websenwordpress.cat\/es\/"},{"@type":"ListItem","position":2,"name":"Condiciones generales del producto PAQUETWEB"}]},{"@type":"WebSite","@id":"https:\/\/websenwordpress.cat\/es\/#website","url":"https:\/\/websenwordpress.cat\/es\/","name":"webs en wordpres","description":"","publisher":{"@id":"https:\/\/websenwordpress.cat\/es\/#organization"},"potentialAction":[{"@type":"SearchAction","target":{"@type":"EntryPoint","urlTemplate":"https:\/\/websenwordpress.cat\/es\/?s={search_term_string}"},"query-input":{"@type":"PropertyValueSpecification","valueRequired":true,"valueName":"search_term_string"}}],"inLanguage":"es"},{"@type":"Organization","@id":"https:\/\/websenwordpress.cat\/es\/#organization","name":"webs en wordpress","url":"https:\/\/websenwordpress.cat\/es\/","logo":{"@type":"ImageObject","inLanguage":"es","@id":"https:\/\/websenwordpress.cat\/es\/#\/schema\/logo\/image\/","url":"https:\/\/websenwordpress.cat\/wp-content\/uploads\/2024\/03\/LOGO-WWP-2024-color-real.png","contentUrl":"https:\/\/websenwordpress.cat\/wp-content\/uploads\/2024\/03\/LOGO-WWP-2024-color-real.png","width":629,"height":208,"caption":"webs en wordpress"},"image":{"@id":"https:\/\/websenwordpress.cat\/es\/#\/schema\/logo\/image\/"},"sameAs":["https:\/\/x.com\/websenwordpress","https:\/\/www.instagram.com\/websenwordpress\/"]}]}},"_links":{"self":[{"href":"https:\/\/websenwordpress.cat\/es\/wp-json\/wp\/v2\/pages\/870","targetHints":{"allow":["GET"]}}],"collection":[{"href":"https:\/\/websenwordpress.cat\/es\/wp-json\/wp\/v2\/pages"}],"about":[{"href":"https:\/\/websenwordpress.cat\/es\/wp-json\/wp\/v2\/types\/page"}],"author":[{"embeddable":true,"href":"https:\/\/websenwordpress.cat\/es\/wp-json\/wp\/v2\/users\/1"}],"replies":[{"embeddable":true,"href":"https:\/\/websenwordpress.cat\/es\/wp-json\/wp\/v2\/comments?post=870"}],"version-history":[{"count":7,"href":"https:\/\/websenwordpress.cat\/es\/wp-json\/wp\/v2\/pages\/870\/revisions"}],"predecessor-version":[{"id":1102,"href":"https:\/\/websenwordpress.cat\/es\/wp-json\/wp\/v2\/pages\/870\/revisions\/1102"}],"wp:attachment":[{"href":"https:\/\/websenwordpress.cat\/es\/wp-json\/wp\/v2\/media?parent=870"}],"curies":[{"name":"wp","href":"https:\/\/api.w.org\/{rel}","templated":true}]}}